{"id":2574,"date":"2023-06-06T11:52:52","date_gmt":"2023-06-06T15:52:52","guid":{"rendered":"https:\/\/vacanceshaute-gaspesie.com\/les-saisons\/"},"modified":"2023-10-18T16:36:30","modified_gmt":"2023-10-18T20:36:30","slug":"the-seasons","status":"publish","type":"page","link":"https:\/\/vacanceshaute-gaspesie.com\/en\/the-seasons\/","title":{"rendered":"The seasons"},"content":{"rendered":"<div class=\"wpb-content-wrapper\"><p>[vc_row full_width=&#8221;stretch_row_content_no_spaces&#8221;][vc_column]<div class=\"henri-vc-module module-header \">\r\n    <div class=\"background\">\r\n        <img decoding=\"async\" src=\"https:\/\/vacanceshaute-gaspesie.s3.bhs.io.cloud.ovh.net\/2023\/09\/entete-les-saisons-chok-images-scaled.jpg\"><\/img>\r\n    <\/div>\r\n    <div class=\"title\">\r\n        <div class=\"container-xxl\" style=\"\">\r\n            <div class=\"row justify-content-center\">\r\n                <div class=\"col-12\">\r\n                    <h1 class=\"txt-center color-inverse\">The seasons<\/h1>\r\n                <\/div>\r\n            <\/div>\r\n        <\/div>\r\n    <\/div>\r\n<\/div>\r\n[\/vc_column][\/vc_row][vc_row full_width=&#8221;stretch_row&#8221; css=&#8221;.vc_custom_1686070049354{background: #000000 url(https:\/\/vacanceshaute-gaspesie.com\/wp-content\/uploads\/2023\/03\/background.png?id=17) !important;background-position: center !important;background-repeat: no-repeat !important;background-size: cover !important;}&#8221;][vc_column]<div class=\"henri-vc-module module-bloc-contenu \">\r\n     <div class=\"container-xl\">\r\n        <div class=\"row\">\r\n\r\n            \r\n                <div class=\"col col-12 col-xl-6\">\r\n                    <div class=\"image-wrapper\">\r\n                        <img decoding=\"async\" src=\"https:\/\/vacanceshaute-gaspesie.s3.bhs.io.cloud.ovh.net\/2023\/10\/vue-du-ciel-automne-scaled.jpg\">\r\n                    <\/div>\r\n                <\/div>\r\n\r\n                \r\n\r\n\r\n            <div class=\"col col-12 col-xl-6 \">\r\n                <div class=\"content-wrapper style-blue\">\r\n                    <div class=\"above-title\">\r\n                        <h6 class=\"blue\">Discover the season<\/h6>\r\n                    <\/div>\r\n                    <div class=\"title\">\r\n                        <h2 class=\"color-inverse\">Autumn <\/h2>\r\n                    <\/div>\r\n                    \r\n                    <div class=\"content color-inverse\">\r\n                        <p>Ah, autumn in the backcountry! Nature reveals its colourful landscapes of breathtaking beauty, changing from orange-yellow to fiery red. Climb to the top of a mountain for an awe-inspiring view, or hike the many trails to fill your eyes with the thousand and one hues that will thrill you from head to toe!<\/p>\n<p>In the Haute-Gasp\u00e9sie, the pace of life slows down and we take the time to enjoy the pleasures of autumn. It\u2019s time to put on a little wool and enjoy a good latte before visiting local producers for a pick-your-own or to sample all the delicious seasonal products!<\/p>\n<p>Soak up the local colours and flavours!<\/p>                    <\/div>\r\n\r\n                                                <div class=\"btn-wrapper\">\r\n                                <a class=\"btn btn-style-primary btn-color-blue \" href=\"https:\/\/vacanceshaute-gaspesie.com\/en\/what-to-do\/?saison=automne\" title=\"\" rel=\"\" target=\"\"><span>Book my autumn getaway<\/span><\/a>\r\n                            <\/div>\r\n                        \r\n                    \r\n\t\t\t\t\t                <\/div>\r\n            <\/div>\r\n\r\n\r\n            \r\n        <\/div>\r\n    <\/div>\r\n<\/div>\r\n[\/vc_column][\/vc_row][vc_row][vc_column]<div class=\"henri-vc-module module-bloc-contenu \">\r\n     <div class=\"container-xl\">\r\n        <div class=\"row\">\r\n\r\n            \r\n\r\n\r\n            <div class=\"col col-12 col-xl-6 \">\r\n                <div class=\"content-wrapper style-blue\">\r\n                    <div class=\"above-title\">\r\n                        <h6 class=\"blue\">Discover the season<\/h6>\r\n                    <\/div>\r\n                    <div class=\"title\">\r\n                        <h2 class=\"\">Winter<\/h2>\r\n                    <\/div>\r\n                    \r\n                    <div class=\"content \">\r\n                        <p>There\u2019s so much to do in the Haute-Gasp\u00e9sie in winter! It\u2019s THE playground for outdoor enthusiasts! Backcountry skiing, cross-country skiing, snowmobiling on marked trails or off the beaten path, fatbiking, ice climbing, snowshoeing, tubing, and much more!<\/p>\n<p>In the Chic-Chocs, our Eastern Rockies, conditions are excellent. This vast territory blessed by the snow gods is just waiting to be explored!<\/p>\n<p>With your cheeks made rosy by the fresh air, you can also enjoy the delightful apr\u00e8s-ski. Comforting flavours that will warm your heart!<\/p>\n<p>Come and enjoy a unique winter experience in the Haute-Gasp\u00e9sie!<\/p>                    <\/div>\r\n\r\n                                                <div class=\"btn-wrapper\">\r\n                                <a class=\"btn btn-style-primary btn-color-blue \" href=\"https:\/\/vacanceshaute-gaspesie.com\/en\/what-to-do\/?saison=hiver\" title=\"\" rel=\"\" target=\"\"><span>Plan my winter stay<\/span><\/a>\r\n                            <\/div>\r\n                        \r\n                    \r\n\t\t\t\t\t                <\/div>\r\n            <\/div>\r\n\r\n\r\n            \r\n                <div class=\"col col-xl-6\">\r\n                    <div class=\"image-wrapper\">\r\n                        <img decoding=\"async\" src=\"https:\/\/vacanceshaute-gaspesie.s3.bhs.io.cloud.ovh.net\/2023\/10\/ete-scaled.jpg\">\r\n                    <\/div>\r\n                <\/div>\r\n\r\n                \r\n        <\/div>\r\n    <\/div>\r\n<\/div>\r\n[\/vc_column][\/vc_row][vc_row full_width=&#8221;stretch_row&#8221; css=&#8221;.vc_custom_1686070113618{background: #000000 url(https:\/\/vacanceshaute-gaspesie.com\/wp-content\/uploads\/2023\/03\/background.png?id=17) !important;background-position: center !important;background-repeat: no-repeat !important;background-size: cover !important;}&#8221;][vc_column]<div class=\"henri-vc-module module-bloc-contenu \">\r\n     <div class=\"container-xl\">\r\n        <div class=\"row\">\r\n\r\n            \r\n                <div class=\"col col-12 col-xl-6\">\r\n                    <div class=\"image-wrapper\">\r\n                        <img decoding=\"async\" src=\"https:\/\/vacanceshaute-gaspesie.s3.bhs.io.cloud.ovh.net\/2023\/10\/chok-images-printemps-2-scaled.jpg\">\r\n                    <\/div>\r\n                <\/div>\r\n\r\n                \r\n\r\n\r\n            <div class=\"col col-12 col-xl-6 \">\r\n                <div class=\"content-wrapper style-blue\">\r\n                    <div class=\"above-title\">\r\n                        <h6 class=\"blue\">Discover the season<\/h6>\r\n                    <\/div>\r\n                    <div class=\"title\">\r\n                        <h2 class=\"color-inverse\">Spring<\/h2>\r\n                    <\/div>\r\n                    \r\n                    <div class=\"content color-inverse\">\r\n                        <p>In the springtime here, anything is possible! This is the time of year when you can eat crab on a mountaintop, ski downhill in a t-shirt all afternoon, and admire the most beautiful sunsets between the sea and mountains. The snow is at its best and the festive atmosphere is at its peak! A beautiful springtime Haute-Gasp\u00e9sie extravaganza to experience at least once in your life!<\/p>\n<p>And don\u2019t forget the outdoor barbecues, and campfires on the shore after a magical day in the mountains.<\/p>\n<p>No matter where you find yourself, the outdoor enthusiast in you will be greatly satisfied.<\/p>                    <\/div>\r\n\r\n                                                <div class=\"btn-wrapper\">\r\n                                <a class=\"btn btn-style-primary btn-color-blue \" href=\"https:\/\/vacanceshaute-gaspesie.com\/en\/what-to-do\/?saison=printemps\" title=\"\" rel=\"\" target=\"\"><span>Enjoy the spring experience<\/span><\/a>\r\n                            <\/div>\r\n                        \r\n                    \r\n\t\t\t\t\t                <\/div>\r\n            <\/div>\r\n\r\n\r\n            \r\n        <\/div>\r\n    <\/div>\r\n<\/div>\r\n[\/vc_column][\/vc_row][vc_row][vc_column]<div class=\"henri-vc-module module-bloc-contenu \">\r\n     <div class=\"container-xl\">\r\n        <div class=\"row\">\r\n\r\n            \r\n\r\n\r\n            <div class=\"col col-12 col-xl-6 \">\r\n                <div class=\"content-wrapper style-blue\">\r\n                    <div class=\"above-title\">\r\n                        <h6 class=\"blue\">(Re) Discover the Haute-Gasp\u00e9sie in summer<\/h6>\r\n                    <\/div>\r\n                    <div class=\"title\">\r\n                        <h2 class=\"\">Summer<\/h2>\r\n                    <\/div>\r\n                    \r\n                    <div class=\"content \">\r\n                        <p>The warm sun on your skin, the beaches, the culture in full swing, the arts and crafts shops, the outdoor adventures: the summer season in the Haute-Gasp\u00e9sie is anything but boring! There is no shortage of fun and games to be had outdoors: a picnic in Gasp\u00e9sie National Park, thrills on land, on the water, or a happy hour on a lively terrace.<\/p>\n<p>This summer, put on your bathing suit and sandals and come discover the must-sees of our beautiful region!<\/p>                    <\/div>\r\n\r\n                                                <div class=\"btn-wrapper\">\r\n                                <a class=\"btn btn-style-primary btn-color-blue \" href=\"https:\/\/vacanceshaute-gaspesie.com\/en\/what-to-do\/?saison=ete\" title=\"\" rel=\"\" target=\"\"><span>(Re) Discover the Haute-Gasp\u00e9sie in summer<\/span><\/a>\r\n                            <\/div>\r\n                        \r\n                    \r\n\t\t\t\t\t                <\/div>\r\n            <\/div>\r\n\r\n\r\n            \r\n                <div class=\"col col-xl-6\">\r\n                    <div class=\"image-wrapper\">\r\n                        <img decoding=\"async\" src=\"https:\/\/vacanceshaute-gaspesie.s3.bhs.io.cloud.ovh.net\/2023\/06\/mont-saint-pierre2-scaled.jpg\">\r\n                    <\/div>\r\n                <\/div>\r\n\r\n                \r\n        <\/div>\r\n    <\/div>\r\n<\/div>\r\n[\/vc_column][\/vc_row]<\/p>\n<\/div>","protected":false},"excerpt":{"rendered":"<p>[vc_row full_width=&#8221;stretch_row_content_no_spaces&#8221;][vc_column][\/vc_column][\/vc_row][vc_row full_width=&#8221;stretch_row&#8221; css=&#8221;.vc_custom_1686070049354{background: #000000 url(https:\/\/vacanceshaute-gaspesie.com\/wp-content\/uploads\/2023\/03\/background.png?id=17) !important;background-position: center !important;background-repeat: no-repeat !important;background-size: cover !important;}&#8221;][vc_column][\/vc_column][\/vc_row][vc_row][vc_column][\/vc_column][\/vc_row][vc_row full_width=&#8221;stretch_row&#8221; css=&#8221;.vc_custom_1686070113618{background: #000000 url(https:\/\/vacanceshaute-gaspesie.com\/wp-content\/uploads\/2023\/03\/background.png?id=17) !important;background-position: center !important;background-repeat: no-repeat !important;background-size: cover !important;}&#8221;][vc_column][\/vc_column][\/vc_row][vc_row][vc_column][\/vc_column][\/vc_row]<\/p>\n","protected":false},"author":1,"featured_media":0,"parent":0,"menu_order":0,"comment_status":"closed","ping_status":"closed","template":"","meta":{"inline_featured_image":false,"footnotes":""},"class_list":["post-2574","page","type-page","status-publish","hentry"],"acf":[],"yoast_head":"<!-- This site is optimized with the Yoast SEO plugin v26.7 - https:\/\/yoast.com\/wordpress\/plugins\/seo\/ -->\n<title>Vacances Haute-Gasp\u00e9sie<\/title>\n<meta name=\"description\" content=\"Explorez la beaut\u00e9 de la Haute-Gasp\u00e9sie avec notre guide de vacances. Des paysages \u00e9poustouflants, des activit\u00e9s en plein air et des h\u00e9bergements accueillants vous attendent.\" \/>\n<meta name=\"robots\" content=\"index, follow, max-snippet:-1, max-image-preview:large, max-video-preview:-1\" \/>\n<link rel=\"canonical\" href=\"https:\/\/vacanceshaute-gaspesie.com\/en\/the-seasons\/\" \/>\n<meta property=\"og:locale\" content=\"en_US\" \/>\n<meta property=\"og:type\" content=\"article\" \/>\n<meta property=\"og:title\" content=\"Vacances Haute-Gasp\u00e9sie\" \/>\n<meta property=\"og:description\" content=\"Explorez la beaut\u00e9 de la Haute-Gasp\u00e9sie avec notre guide de vacances. Des paysages \u00e9poustouflants, des activit\u00e9s en plein air et des h\u00e9bergements accueillants vous attendent.\" \/>\n<meta property=\"og:url\" content=\"https:\/\/vacanceshaute-gaspesie.com\/en\/the-seasons\/\" \/>\n<meta property=\"og:site_name\" content=\"Vacances Haute-Gasp\u00e9sie\" \/>\n<meta property=\"article:publisher\" content=\"https:\/\/www.facebook.com\/VacancesHauteGaspesie\" \/>\n<meta property=\"article:modified_time\" content=\"2023-10-18T20:36:30+00:00\" \/>\n<meta property=\"og:image\" content=\"https:\/\/vacanceshaute-gaspesie.s3.bhs.io.cloud.ovh.net\/2024\/03\/vacanceshautegaspesie.jpg\" \/>\n\t<meta property=\"og:image:width\" content=\"1200\" \/>\n\t<meta property=\"og:image:height\" content=\"675\" \/>\n\t<meta property=\"og:image:type\" content=\"image\/jpeg\" \/>\n<meta name=\"twitter:card\" content=\"summary_large_image\" \/>\n<meta name=\"twitter:label1\" content=\"Est. reading time\" \/>\n\t<meta name=\"twitter:data1\" content=\"3 minutes\" \/>\n<script type=\"application\/ld+json\" class=\"yoast-schema-graph\">{\"@context\":\"https:\/\/schema.org\",\"@graph\":[{\"@type\":\"WebPage\",\"@id\":\"https:\/\/vacanceshaute-gaspesie.com\/en\/the-seasons\/\",\"url\":\"https:\/\/vacanceshaute-gaspesie.com\/en\/the-seasons\/\",\"name\":\"Vacances Haute-Gasp\u00e9sie\",\"isPartOf\":{\"@id\":\"https:\/\/vacanceshaute-gaspesie.com\/en\/#website\"},\"datePublished\":\"2023-06-06T15:52:52+00:00\",\"dateModified\":\"2023-10-18T20:36:30+00:00\",\"description\":\"Explorez la beaut\u00e9 de la Haute-Gasp\u00e9sie avec notre guide de vacances. Des paysages \u00e9poustouflants, des activit\u00e9s en plein air et des h\u00e9bergements accueillants vous attendent.\",\"breadcrumb\":{\"@id\":\"https:\/\/vacanceshaute-gaspesie.com\/en\/the-seasons\/#breadcrumb\"},\"inLanguage\":\"en-US\",\"potentialAction\":[{\"@type\":\"ReadAction\",\"target\":[\"https:\/\/vacanceshaute-gaspesie.com\/en\/the-seasons\/\"]}]},{\"@type\":\"BreadcrumbList\",\"@id\":\"https:\/\/vacanceshaute-gaspesie.com\/en\/the-seasons\/#breadcrumb\",\"itemListElement\":[{\"@type\":\"ListItem\",\"position\":1,\"name\":\"Home\",\"item\":\"https:\/\/vacanceshaute-gaspesie.com\/en\/\"},{\"@type\":\"ListItem\",\"position\":2,\"name\":\"The seasons\"}]},{\"@type\":\"WebSite\",\"@id\":\"https:\/\/vacanceshaute-gaspesie.com\/en\/#website\",\"url\":\"https:\/\/vacanceshaute-gaspesie.com\/en\/\",\"name\":\"Vacances Haute-Gasp\u00e9sie\",\"description\":\"Explorer la Haute-Gasp\u00e9sie\",\"publisher\":{\"@id\":\"https:\/\/vacanceshaute-gaspesie.com\/en\/#organization\"},\"potentialAction\":[{\"@type\":\"SearchAction\",\"target\":{\"@type\":\"EntryPoint\",\"urlTemplate\":\"https:\/\/vacanceshaute-gaspesie.com\/en\/?s={search_term_string}\"},\"query-input\":{\"@type\":\"PropertyValueSpecification\",\"valueRequired\":true,\"valueName\":\"search_term_string\"}}],\"inLanguage\":\"en-US\"},{\"@type\":\"Organization\",\"@id\":\"https:\/\/vacanceshaute-gaspesie.com\/en\/#organization\",\"name\":\"Vacances Haute-Gasp\u00e9sie\",\"url\":\"https:\/\/vacanceshaute-gaspesie.com\/en\/\",\"logo\":{\"@type\":\"ImageObject\",\"inLanguage\":\"en-US\",\"@id\":\"https:\/\/vacanceshaute-gaspesie.com\/en\/#\/schema\/logo\/image\/\",\"url\":\"https:\/\/vacanceshaute-gaspesie.s3.bhs.io.cloud.ovh.net\/2024\/03\/vhg-2.jpg\",\"contentUrl\":\"https:\/\/vacanceshaute-gaspesie.s3.bhs.io.cloud.ovh.net\/2024\/03\/vhg-2.jpg\",\"width\":696,\"height\":696,\"caption\":\"Vacances Haute-Gasp\u00e9sie\"},\"image\":{\"@id\":\"https:\/\/vacanceshaute-gaspesie.com\/en\/#\/schema\/logo\/image\/\"},\"sameAs\":[\"https:\/\/www.facebook.com\/VacancesHauteGaspesie\",\"https:\/\/www.instagram.com\/vacanceshautegaspesie\/\"]}]}<\/script>\n<!-- \/ Yoast SEO plugin. -->","yoast_head_json":{"title":"Vacances Haute-Gasp\u00e9sie","description":"Explorez la beaut\u00e9 de la Haute-Gasp\u00e9sie avec notre guide de vacances. Des paysages \u00e9poustouflants, des activit\u00e9s en plein air et des h\u00e9bergements accueillants vous attendent.","robots":{"index":"index","follow":"follow","max-snippet":"max-snippet:-1","max-image-preview":"max-image-preview:large","max-video-preview":"max-video-preview:-1"},"canonical":"https:\/\/vacanceshaute-gaspesie.com\/en\/the-seasons\/","og_locale":"en_US","og_type":"article","og_title":"Vacances Haute-Gasp\u00e9sie","og_description":"Explorez la beaut\u00e9 de la Haute-Gasp\u00e9sie avec notre guide de vacances. Des paysages \u00e9poustouflants, des activit\u00e9s en plein air et des h\u00e9bergements accueillants vous attendent.","og_url":"https:\/\/vacanceshaute-gaspesie.com\/en\/the-seasons\/","og_site_name":"Vacances Haute-Gasp\u00e9sie","article_publisher":"https:\/\/www.facebook.com\/VacancesHauteGaspesie","article_modified_time":"2023-10-18T20:36:30+00:00","og_image":[{"width":1200,"height":675,"url":"https:\/\/vacanceshaute-gaspesie.s3.bhs.io.cloud.ovh.net\/2024\/03\/vacanceshautegaspesie.jpg","type":"image\/jpeg"}],"twitter_card":"summary_large_image","twitter_misc":{"Est. reading time":"3 minutes"},"schema":{"@context":"https:\/\/schema.org","@graph":[{"@type":"WebPage","@id":"https:\/\/vacanceshaute-gaspesie.com\/en\/the-seasons\/","url":"https:\/\/vacanceshaute-gaspesie.com\/en\/the-seasons\/","name":"Vacances Haute-Gasp\u00e9sie","isPartOf":{"@id":"https:\/\/vacanceshaute-gaspesie.com\/en\/#website"},"datePublished":"2023-06-06T15:52:52+00:00","dateModified":"2023-10-18T20:36:30+00:00","description":"Explorez la beaut\u00e9 de la Haute-Gasp\u00e9sie avec notre guide de vacances. Des paysages \u00e9poustouflants, des activit\u00e9s en plein air et des h\u00e9bergements accueillants vous attendent.","breadcrumb":{"@id":"https:\/\/vacanceshaute-gaspesie.com\/en\/the-seasons\/#breadcrumb"},"inLanguage":"en-US","potentialAction":[{"@type":"ReadAction","target":["https:\/\/vacanceshaute-gaspesie.com\/en\/the-seasons\/"]}]},{"@type":"BreadcrumbList","@id":"https:\/\/vacanceshaute-gaspesie.com\/en\/the-seasons\/#breadcrumb","itemListElement":[{"@type":"ListItem","position":1,"name":"Home","item":"https:\/\/vacanceshaute-gaspesie.com\/en\/"},{"@type":"ListItem","position":2,"name":"The seasons"}]},{"@type":"WebSite","@id":"https:\/\/vacanceshaute-gaspesie.com\/en\/#website","url":"https:\/\/vacanceshaute-gaspesie.com\/en\/","name":"Vacances Haute-Gasp\u00e9sie","description":"Explorer la Haute-Gasp\u00e9sie","publisher":{"@id":"https:\/\/vacanceshaute-gaspesie.com\/en\/#organization"},"potentialAction":[{"@type":"SearchAction","target":{"@type":"EntryPoint","urlTemplate":"https:\/\/vacanceshaute-gaspesie.com\/en\/?s={search_term_string}"},"query-input":{"@type":"PropertyValueSpecification","valueRequired":true,"valueName":"search_term_string"}}],"inLanguage":"en-US"},{"@type":"Organization","@id":"https:\/\/vacanceshaute-gaspesie.com\/en\/#organization","name":"Vacances Haute-Gasp\u00e9sie","url":"https:\/\/vacanceshaute-gaspesie.com\/en\/","logo":{"@type":"ImageObject","inLanguage":"en-US","@id":"https:\/\/vacanceshaute-gaspesie.com\/en\/#\/schema\/logo\/image\/","url":"https:\/\/vacanceshaute-gaspesie.s3.bhs.io.cloud.ovh.net\/2024\/03\/vhg-2.jpg","contentUrl":"https:\/\/vacanceshaute-gaspesie.s3.bhs.io.cloud.ovh.net\/2024\/03\/vhg-2.jpg","width":696,"height":696,"caption":"Vacances Haute-Gasp\u00e9sie"},"image":{"@id":"https:\/\/vacanceshaute-gaspesie.com\/en\/#\/schema\/logo\/image\/"},"sameAs":["https:\/\/www.facebook.com\/VacancesHauteGaspesie","https:\/\/www.instagram.com\/vacanceshautegaspesie\/"]}]}},"_links":{"self":[{"href":"https:\/\/vacanceshaute-gaspesie.com\/en\/wp-json\/wp\/v2\/pages\/2574","targetHints":{"allow":["GET"]}}],"collection":[{"href":"https:\/\/vacanceshaute-gaspesie.com\/en\/wp-json\/wp\/v2\/pages"}],"about":[{"href":"https:\/\/vacanceshaute-gaspesie.com\/en\/wp-json\/wp\/v2\/types\/page"}],"author":[{"embeddable":true,"href":"https:\/\/vacanceshaute-gaspesie.com\/en\/wp-json\/wp\/v2\/users\/1"}],"replies":[{"embeddable":true,"href":"https:\/\/vacanceshaute-gaspesie.com\/en\/wp-json\/wp\/v2\/comments?post=2574"}],"version-history":[{"count":5,"href":"https:\/\/vacanceshaute-gaspesie.com\/en\/wp-json\/wp\/v2\/pages\/2574\/revisions"}],"predecessor-version":[{"id":3362,"href":"https:\/\/vacanceshaute-gaspesie.com\/en\/wp-json\/wp\/v2\/pages\/2574\/revisions\/3362"}],"wp:attachment":[{"href":"https:\/\/vacanceshaute-gaspesie.com\/en\/wp-json\/wp\/v2\/media?parent=2574"}],"curies":[{"name":"wp","href":"https:\/\/api.w.org\/{rel}","templated":true}]}}