{"id":2577,"date":"2023-06-06T11:52:40","date_gmt":"2023-06-06T15:52:40","guid":{"rendered":"https:\/\/vacanceshaute-gaspesie.com\/les-incontournables\/"},"modified":"2024-04-11T10:27:22","modified_gmt":"2024-04-11T14:27:22","slug":"the-must-sees","status":"publish","type":"page","link":"https:\/\/vacanceshaute-gaspesie.com\/en\/the-must-sees\/","title":{"rendered":"THE MUST-SEES"},"content":{"rendered":"<div class=\"wpb-content-wrapper\"><p>[vc_row full_width=&#8221;stretch_row_content_no_spaces&#8221;][vc_column]<div class=\"henri-vc-module module-header \">\r\n    <div class=\"background\">\r\n        <img decoding=\"async\" src=\"https:\/\/vacanceshaute-gaspesie.s3.bhs.io.cloud.ovh.net\/2023\/06\/cap-chat-drone-scaled.jpg\"><\/img>\r\n    <\/div>\r\n    <div class=\"title\">\r\n        <div class=\"container-xxl\" style=\"\">\r\n            <div class=\"row justify-content-center\">\r\n                <div class=\"col-12\">\r\n                    <h1 class=\"txt-center color-inverse\">The Must-sees<\/h1>\r\n                <\/div>\r\n            <\/div>\r\n        <\/div>\r\n    <\/div>\r\n<\/div>\r\n[\/vc_column][\/vc_row][vc_row full_width=&#8221;stretch_row&#8221; css=&#8221;.vc_custom_1686070195482{background-color: #000000 !important;}&#8221;][vc_column]<div class=\"henri-vc-module module-bloc-contenu \">\r\n     <div class=\"container-xl\">\r\n        <div class=\"row\">\r\n\r\n            \r\n                <div class=\"col col-12 col-xl-6\">\r\n                    <div class=\"image-wrapper\">\r\n                        <img decoding=\"async\" src=\"https:\/\/vacanceshaute-gaspesie.s3.bhs.io.cloud.ovh.net\/2023\/12\/exploramer1.jpg\">\r\n                    <\/div>\r\n                <\/div>\r\n\r\n                \r\n\r\n\r\n            <div class=\"col col-12 col-xl-6 \">\r\n                <div class=\"content-wrapper style-orange\">\r\n                    <div class=\"above-title\">\r\n                        <h6 class=\"orange\">Discover<\/h6>\r\n                    <\/div>\r\n                    <div class=\"title\">\r\n                        <h2 class=\"color-inverse\">Exploramer:\n<br><span class=\"highlight\">discover the sea environment of the St-Lawrence<\/span><\/h2>\r\n                    <\/div>\r\n                    \r\n                    <div class=\"content color-inverse\">\r\n                        <p>Located along the quay in Sainte-Anne-des-Monts, Exploramer is a science museum focused on the marine environment of the St. Lawrence. Offering an aquarium with touch pools as well as exhibitions, sea excursions, a fish-harvesting activity and the Smarter Seafood certification program, Exploramer invites visitors to discover the sea.<\/p>                    <\/div>\r\n\r\n                                                <div class=\"btn-wrapper\">\r\n                                <a class=\"btn btn-style-primary btn-color-orange \" href=\"https:\/\/vacanceshaute-gaspesie.com\/en\/attraits\/exploramer\/\" title=\"\" rel=\"\" target=\"\"><span>Discover<\/span><\/a>\r\n                            <\/div>\r\n                        \r\n                    \r\n\t\t\t\t\t                <\/div>\r\n            <\/div>\r\n\r\n\r\n            \r\n        <\/div>\r\n    <\/div>\r\n<\/div>\r\n[\/vc_column][\/vc_row][vc_row][vc_column]<div class=\"henri-vc-module module-bloc-contenu \">\r\n     <div class=\"container-xl\">\r\n        <div class=\"row\">\r\n\r\n            \r\n\r\n\r\n            <div class=\"col col-12 col-xl-6 \">\r\n                <div class=\"content-wrapper style-orange\">\r\n                    <div class=\"above-title\">\r\n                        <h6 class=\"orange\">Discover<\/h6>\r\n                    <\/div>\r\n                    <div class=\"title\">\r\n                        <h2 class=\"\">Gasp\u00e9sie National Park:\n<br><span class=\"highlight\">for outdoor enthusiasts<\/span><\/h2>\r\n                    <\/div>\r\n                    \r\n                    <div class=\"content \">\r\n                        <p>Come and climb or descend one of the 25 peaks more than 1,000 metres in height in the Chic-Chocs, including the highest in southeastern Quebec, Mount Jacques-Cartier! Prepare to be amazed by the rugged beauty of Quebec\u2019s second-oldest park and have genuine life-size experiences!<\/p>\n<p>It\u2019s THE #1 outdoor destination!<\/p>                    <\/div>\r\n\r\n                                                <div class=\"btn-wrapper\">\r\n                                <a class=\"btn btn-style-primary btn-color-orange \" href=\"https:\/\/vacanceshaute-gaspesie.com\/en\/attraits\/parc-national-de-la-gaspesie\/\" title=\"\" rel=\"\" target=\"\"><span>Discover<\/span><\/a>\r\n                            <\/div>\r\n                        \r\n                    \r\n\t\t\t\t\t                <\/div>\r\n            <\/div>\r\n\r\n\r\n            \r\n                <div class=\"col col-xl-6\">\r\n                    <div class=\"image-wrapper\">\r\n                        <img decoding=\"async\" src=\"https:\/\/vacanceshaute-gaspesie.s3.bhs.io.cloud.ovh.net\/2023\/09\/parc-national-gaspesie-ernest-laforce-scaled.jpg\">\r\n                    <\/div>\r\n                <\/div>\r\n\r\n                \r\n        <\/div>\r\n    <\/div>\r\n<\/div>\r\n[\/vc_column][\/vc_row][vc_row full_width=&#8221;stretch_row&#8221; css=&#8221;.vc_custom_1686070195482{background-color: #000000 !important;}&#8221;][vc_column]<div class=\"henri-vc-module module-bloc-contenu \">\r\n     <div class=\"container-xl\">\r\n        <div class=\"row\">\r\n\r\n            \r\n                <div class=\"col col-12 col-xl-6\">\r\n                    <div class=\"image-wrapper\">\r\n                        <img decoding=\"async\" src=\"https:\/\/vacanceshaute-gaspesie.s3.bhs.io.cloud.ovh.net\/2023\/06\/eole1-1.jpg\">\r\n                    <\/div>\r\n                <\/div>\r\n\r\n                \r\n\r\n\r\n            <div class=\"col col-12 col-xl-6 \">\r\n                <div class=\"content-wrapper style-orange\">\r\n                    <div class=\"above-title\">\r\n                        <h6 class=\"orange\">Discover<\/h6>\r\n                    <\/div>\r\n                    <div class=\"title\">\r\n                        <h2 class=\"color-inverse\">The \u00c9ole Project:\n<br><span class=\"highlight\">The tallest vertical axis wind turbine in the world<\/span><\/h2>\r\n                    <\/div>\r\n                    \r\n                    <div class=\"content color-inverse\">\r\n                        <p>In Cap-Chat, discover the tallest vertical axis wind turbine in the world, measuring 110 metres tall! A panoramic belvedere with a 360-degree view allows you to admire the picturesque landscape of Le Nordais wind farm (the first and largest wind farm in Quebec with 130 turbines which 74 are in Cap-Chat and 56 in Matane). An entertaining and enriching experience for the whole family!<\/p>                    <\/div>\r\n\r\n                                                <div class=\"btn-wrapper\">\r\n                                <a class=\"btn btn-style-primary btn-color-orange \" href=\"https:\/\/vacanceshaute-gaspesie.com\/en\/attraits\/projet-eole\/\" title=\"\" rel=\"\" target=\"\"><span>Discover<\/span><\/a>\r\n                            <\/div>\r\n                        \r\n                    \r\n\t\t\t\t\t                <\/div>\r\n            <\/div>\r\n\r\n\r\n            \r\n        <\/div>\r\n    <\/div>\r\n<\/div>\r\n[\/vc_column][\/vc_row][vc_row][vc_column]<div class=\"henri-vc-module module-bloc-contenu \">\r\n     <div class=\"container-xl\">\r\n        <div class=\"row\">\r\n\r\n            \r\n\r\n\r\n            <div class=\"col col-12 col-xl-6 \">\r\n                <div class=\"content-wrapper style-orange\">\r\n                    <div class=\"above-title\">\r\n                        <h6 class=\"orange\">Discover<\/h6>\r\n                    <\/div>\r\n                    <div class=\"title\">\r\n                        <h2 class=\"\">Mont-Saint-Pierre, \n<br><span class=\"highlight\">a mountain of secrets!<\/span>\n<\/h2>\r\n                    <\/div>\r\n                    \r\n                    <div class=\"content \">\r\n                        <p>A summit, a unifying district, a beach and two immersive experiences; a host of activities are hidden in Mont-Saint-Pierre. At the summit, take a seat in the Observatory, or rather in our machine equipped with spatio-temporal capabilities, and discover the geological history of this glacial valley. In our Bell Tower Room, experience great vertigo thanks to the immersive show and fly over Mont-Saint-Pierre.<\/p>                    <\/div>\r\n\r\n                                                <div class=\"btn-wrapper\">\r\n                                <a class=\"btn btn-style-primary btn-color-orange \" href=\"https:\/\/vacanceshaute-gaspesie.com\/en\/attraits\/mont-saint-pierre-mountain-resort-on-the-sea\/\" title=\"\" rel=\"\" target=\"http:\/\/_blank\"><span>Discover<\/span><\/a>\r\n                            <\/div>\r\n                        \r\n                    \r\n\t\t\t\t\t                <\/div>\r\n            <\/div>\r\n\r\n\r\n            \r\n                <div class=\"col col-xl-6\">\r\n                    <div class=\"image-wrapper\">\r\n                        <img decoding=\"async\" src=\"https:\/\/vacanceshaute-gaspesie.s3.bhs.io.cloud.ovh.net\/2023\/09\/entete-vue-aerienne-mt-st-pierre-scaled.jpg\">\r\n                    <\/div>\r\n                <\/div>\r\n\r\n                \r\n        <\/div>\r\n    <\/div>\r\n<\/div>\r\n[\/vc_column][\/vc_row][vc_row full_width=&#8221;stretch_row&#8221; css=&#8221;.vc_custom_1686069947171{background: #000000 url(https:\/\/vacanceshaute-gaspesie.com\/wp-content\/uploads\/2023\/03\/background.png?id=17) !important;background-position: center !important;background-repeat: no-repeat !important;background-size: cover !important;}&#8221;][vc_column]<div class=\"henri-vc-module module-bloc-contenu \">\r\n     <div class=\"container-xl\">\r\n        <div class=\"row\">\r\n\r\n            \r\n                <div class=\"col col-12 col-xl-6\">\r\n                    <div class=\"image-wrapper\">\r\n                        <img decoding=\"async\" src=\"https:\/\/vacanceshaute-gaspesie.s3.bhs.io.cloud.ovh.net\/2023\/09\/passe-migratoire-madeleine-grand-sault.jpg\">\r\n                    <\/div>\r\n                <\/div>\r\n\r\n                \r\n\r\n\r\n            <div class=\"col col-12 col-xl-6 \">\r\n                <div class=\"content-wrapper style-orange\">\r\n                    <div class=\"above-title\">\r\n                        <h6 class=\"orange\">Discover<\/h6>\r\n                    <\/div>\r\n                    <div class=\"title\">\r\n                        <h2 class=\"color-inverse\">Grand Sault underground salmon fishway: \n<br><span class=\"highlight\">the longest in the world<\/span>\n<\/h2>\r\n                    <\/div>\r\n                    \r\n                    <div class=\"content color-inverse\">\r\n                        <p>In Rivi\u00e8re-Madeleine, visit the Grand Sault, home to the world\u2019s longest underground salmon fishway! You can also admire a spectacular 25-metre waterfall and magnificent mountains, in addition to watching the salmon launch!<\/p>\n<p>The small trails laid out and decorated with interpretive panels will help you to immerse yourself in the history of the area.<\/p>\n<p>A unique place to visit!<\/p>                    <\/div>\r\n\r\n                                                <div class=\"btn-wrapper\">\r\n                                <a class=\"btn btn-style-primary btn-color-orange \" href=\"https:\/\/vacanceshaute-gaspesie.com\/en\/attraits\/le-grand-sault\/\" title=\"\" rel=\"\" target=\"\"><span>Discover<\/span><\/a>\r\n                            <\/div>\r\n                        \r\n                    \r\n\t\t\t\t\t                <\/div>\r\n            <\/div>\r\n\r\n\r\n            \r\n        <\/div>\r\n    <\/div>\r\n<\/div>\r\n[\/vc_column][\/vc_row][vc_row][vc_column]<div class=\"henri-vc-module module-bloc-contenu \">\r\n     <div class=\"container-xl\">\r\n        <div class=\"row\">\r\n\r\n            \r\n\r\n\r\n            <div class=\"col col-12 col-xl-6 \">\r\n                <div class=\"content-wrapper style-orange\">\r\n                    <div class=\"above-title\">\r\n                        <h6 class=\"orange\">Discover<\/h6>\r\n                    <\/div>\r\n                    <div class=\"title\">\r\n                        <h2 class=\"\">La Martre \n<br><span class=\"highlight\">Lighthouse<\/span><\/h2>\r\n                    <\/div>\r\n                    \r\n                    <div class=\"content \">\r\n                        <p>A veritable jewel of the Gasp\u00e9 coast, the lighthouse at La Martre is a sight to behold, with its original octagonal structure and lighting module that still uses the original system of weights and cables in operation since 1906.<\/p>\n<p>Take advantage of an incomparable panorama to contemplate the sunset and take a snapshot of this unforgettable moment.<\/p>                    <\/div>\r\n\r\n                                                <div class=\"btn-wrapper\">\r\n                                <a class=\"btn btn-style-primary btn-color-orange \" href=\"https:\/\/vacanceshaute-gaspesie.com\/en\/attraits\/phare-de-la-martre\/\" title=\"\" rel=\"\" target=\"\"><span>Discover<\/span><\/a>\r\n                            <\/div>\r\n                        \r\n                    \r\n\t\t\t\t\t                <\/div>\r\n            <\/div>\r\n\r\n\r\n            \r\n                <div class=\"col col-xl-6\">\r\n                    <div class=\"image-wrapper\">\r\n                        <img decoding=\"async\" src=\"https:\/\/vacanceshaute-gaspesie.s3.bhs.io.cloud.ovh.net\/2023\/06\/pharemartre1-1.jpg\">\r\n                    <\/div>\r\n                <\/div>\r\n\r\n                \r\n        <\/div>\r\n    <\/div>\r\n<\/div>\r\n[\/vc_column][\/vc_row][vc_row full_width=&#8221;stretch_row&#8221; css=&#8221;.vc_custom_1686069975838{background: #000000 url(https:\/\/vacanceshaute-gaspesie.com\/wp-content\/uploads\/2023\/03\/background.png?id=17) !important;background-position: center !important;background-repeat: no-repeat !important;background-size: cover !important;}&#8221;][vc_column]<div class=\"henri-vc-module module-bloc-contenu \">\r\n     <div class=\"container-xl\">\r\n        <div class=\"row\">\r\n\r\n            \r\n                <div class=\"col col-12 col-xl-6\">\r\n                    <div class=\"image-wrapper\">\r\n                        <img decoding=\"async\" src=\"https:\/\/vacanceshaute-gaspesie.s3.bhs.io.cloud.ovh.net\/2023\/06\/zecmadeleine3-1.jpg\">\r\n                    <\/div>\r\n                <\/div>\r\n\r\n                \r\n\r\n\r\n            <div class=\"col col-12 col-xl-6 \">\r\n                <div class=\"content-wrapper style-orange\">\r\n                    <div class=\"above-title\">\r\n                        <h6 class=\"orange\">Discover<\/h6>\r\n                    <\/div>\r\n                    <div class=\"title\">\r\n                        <h2 class=\"color-inverse\">Salmon\n<br><span class=\"highlight\">rivers<\/span><\/h2>\r\n                    <\/div>\r\n                    \r\n                    <div class=\"content color-inverse\">\r\n                        <p>Are you a salmon fishing enthusiast? Our magnificent, crystal-clear rivers are the stuff of dreams! The Madeleine River and its imposing Grand Sault waterfall, the Sainte-Anne River flowing between the high peaks of the Chic-Chocs, or the Cap-Chat River and its gravel bed for (very large) salmon!<\/p>\n<p>Come and fish for the king of our waters in the Haute-Gasp\u00e9sie!<\/p>                    <\/div>\r\n\r\n                                                <div class=\"btn-wrapper\">\r\n                                <a class=\"btn btn-style-primary btn-color-orange \" href=\"https:\/\/vacanceshaute-gaspesie.com\/en\/discover-the-salmon-rivers\/\" title=\"\" rel=\"\" target=\"\"><span>Discover<\/span><\/a>\r\n                            <\/div>\r\n                        \r\n                    \r\n\t\t\t\t\t                <\/div>\r\n            <\/div>\r\n\r\n\r\n            \r\n        <\/div>\r\n    <\/div>\r\n<\/div>\r\n[\/vc_column][\/vc_row]<\/p>\n<\/div>","protected":false},"excerpt":{"rendered":"<p>[vc_row full_width=&#8221;stretch_row_content_no_spaces&#8221;][vc_column][\/vc_column][\/vc_row][vc_row full_width=&#8221;stretch_row&#8221; css=&#8221;.vc_custom_1686070195482{background-color: #000000 !important;}&#8221;][vc_column][\/vc_column][\/vc_row][vc_row][vc_column][\/vc_column][\/vc_row][vc_row full_width=&#8221;stretch_row&#8221; css=&#8221;.vc_custom_1686070195482{background-color: #000000 !important;}&#8221;][vc_column][\/vc_column][\/vc_row][vc_row][vc_column][\/vc_column][\/vc_row][vc_row full_width=&#8221;stretch_row&#8221; css=&#8221;.vc_custom_1686069947171{background: #000000 url(https:\/\/vacanceshaute-gaspesie.com\/wp-content\/uploads\/2023\/03\/background.png?id=17) !important;background-position: center !important;background-repeat: no-repeat !important;background-size: cover !important;}&#8221;][vc_column][\/vc_column][\/vc_row][vc_row][vc_column][\/vc_column][\/vc_row][vc_row full_width=&#8221;stretch_row&#8221; css=&#8221;.vc_custom_1686069975838{background: #000000 url(https:\/\/vacanceshaute-gaspesie.com\/wp-content\/uploads\/2023\/03\/background.png?id=17) !important;background-position: center !important;background-repeat: no-repeat !important;background-size: cover !important;}&#8221;][vc_column][\/vc_column][\/vc_row]<\/p>\n","protected":false},"author":1,"featured_media":0,"parent":0,"menu_order":0,"comment_status":"closed","ping_status":"closed","template":"","meta":{"inline_featured_image":false,"footnotes":""},"class_list":["post-2577","page","type-page","status-publish","hentry"],"acf":[],"yoast_head":"<!-- This site is optimized with the Yoast SEO plugin v26.7 - https:\/\/yoast.com\/wordpress\/plugins\/seo\/ -->\n<title>Vacances Haute-Gasp\u00e9sie<\/title>\n<meta name=\"description\" content=\"Explorez la beaut\u00e9 de la Haute-Gasp\u00e9sie avec notre guide de vacances. Des paysages \u00e9poustouflants, des activit\u00e9s en plein air et des h\u00e9bergements accueillants vous attendent.\" \/>\n<meta name=\"robots\" content=\"index, follow, max-snippet:-1, max-image-preview:large, max-video-preview:-1\" \/>\n<link rel=\"canonical\" href=\"https:\/\/vacanceshaute-gaspesie.com\/en\/the-must-sees\/\" \/>\n<meta property=\"og:locale\" content=\"en_US\" \/>\n<meta property=\"og:type\" content=\"article\" \/>\n<meta property=\"og:title\" content=\"Vacances Haute-Gasp\u00e9sie\" \/>\n<meta property=\"og:description\" content=\"Explorez la beaut\u00e9 de la Haute-Gasp\u00e9sie avec notre guide de vacances. Des paysages \u00e9poustouflants, des activit\u00e9s en plein air et des h\u00e9bergements accueillants vous attendent.\" \/>\n<meta property=\"og:url\" content=\"https:\/\/vacanceshaute-gaspesie.com\/en\/the-must-sees\/\" \/>\n<meta property=\"og:site_name\" content=\"Vacances Haute-Gasp\u00e9sie\" \/>\n<meta property=\"article:publisher\" content=\"https:\/\/www.facebook.com\/VacancesHauteGaspesie\" \/>\n<meta property=\"article:modified_time\" content=\"2024-04-11T14:27:22+00:00\" \/>\n<meta property=\"og:image\" content=\"https:\/\/vacanceshaute-gaspesie.s3.bhs.io.cloud.ovh.net\/2024\/03\/vacanceshautegaspesie.jpg\" \/>\n\t<meta property=\"og:image:width\" content=\"1200\" \/>\n\t<meta property=\"og:image:height\" content=\"675\" \/>\n\t<meta property=\"og:image:type\" content=\"image\/jpeg\" \/>\n<meta name=\"twitter:card\" content=\"summary_large_image\" \/>\n<meta name=\"twitter:label1\" content=\"Est. reading time\" \/>\n\t<meta name=\"twitter:data1\" content=\"5 minutes\" \/>\n<script type=\"application\/ld+json\" class=\"yoast-schema-graph\">{\"@context\":\"https:\/\/schema.org\",\"@graph\":[{\"@type\":\"WebPage\",\"@id\":\"https:\/\/vacanceshaute-gaspesie.com\/en\/the-must-sees\/\",\"url\":\"https:\/\/vacanceshaute-gaspesie.com\/en\/the-must-sees\/\",\"name\":\"Vacances Haute-Gasp\u00e9sie\",\"isPartOf\":{\"@id\":\"https:\/\/vacanceshaute-gaspesie.com\/en\/#website\"},\"datePublished\":\"2023-06-06T15:52:40+00:00\",\"dateModified\":\"2024-04-11T14:27:22+00:00\",\"description\":\"Explorez la beaut\u00e9 de la Haute-Gasp\u00e9sie avec notre guide de vacances. Des paysages \u00e9poustouflants, des activit\u00e9s en plein air et des h\u00e9bergements accueillants vous attendent.\",\"breadcrumb\":{\"@id\":\"https:\/\/vacanceshaute-gaspesie.com\/en\/the-must-sees\/#breadcrumb\"},\"inLanguage\":\"en-US\",\"potentialAction\":[{\"@type\":\"ReadAction\",\"target\":[\"https:\/\/vacanceshaute-gaspesie.com\/en\/the-must-sees\/\"]}]},{\"@type\":\"BreadcrumbList\",\"@id\":\"https:\/\/vacanceshaute-gaspesie.com\/en\/the-must-sees\/#breadcrumb\",\"itemListElement\":[{\"@type\":\"ListItem\",\"position\":1,\"name\":\"Home\",\"item\":\"https:\/\/vacanceshaute-gaspesie.com\/en\/\"},{\"@type\":\"ListItem\",\"position\":2,\"name\":\"THE MUST-SEES\"}]},{\"@type\":\"WebSite\",\"@id\":\"https:\/\/vacanceshaute-gaspesie.com\/en\/#website\",\"url\":\"https:\/\/vacanceshaute-gaspesie.com\/en\/\",\"name\":\"Vacances Haute-Gasp\u00e9sie\",\"description\":\"Explorer la Haute-Gasp\u00e9sie\",\"publisher\":{\"@id\":\"https:\/\/vacanceshaute-gaspesie.com\/en\/#organization\"},\"potentialAction\":[{\"@type\":\"SearchAction\",\"target\":{\"@type\":\"EntryPoint\",\"urlTemplate\":\"https:\/\/vacanceshaute-gaspesie.com\/en\/?s={search_term_string}\"},\"query-input\":{\"@type\":\"PropertyValueSpecification\",\"valueRequired\":true,\"valueName\":\"search_term_string\"}}],\"inLanguage\":\"en-US\"},{\"@type\":\"Organization\",\"@id\":\"https:\/\/vacanceshaute-gaspesie.com\/en\/#organization\",\"name\":\"Vacances Haute-Gasp\u00e9sie\",\"url\":\"https:\/\/vacanceshaute-gaspesie.com\/en\/\",\"logo\":{\"@type\":\"ImageObject\",\"inLanguage\":\"en-US\",\"@id\":\"https:\/\/vacanceshaute-gaspesie.com\/en\/#\/schema\/logo\/image\/\",\"url\":\"https:\/\/vacanceshaute-gaspesie.s3.bhs.io.cloud.ovh.net\/2024\/03\/vhg-2.jpg\",\"contentUrl\":\"https:\/\/vacanceshaute-gaspesie.s3.bhs.io.cloud.ovh.net\/2024\/03\/vhg-2.jpg\",\"width\":696,\"height\":696,\"caption\":\"Vacances Haute-Gasp\u00e9sie\"},\"image\":{\"@id\":\"https:\/\/vacanceshaute-gaspesie.com\/en\/#\/schema\/logo\/image\/\"},\"sameAs\":[\"https:\/\/www.facebook.com\/VacancesHauteGaspesie\",\"https:\/\/www.instagram.com\/vacanceshautegaspesie\/\"]}]}<\/script>\n<!-- \/ Yoast SEO plugin. -->","yoast_head_json":{"title":"Vacances Haute-Gasp\u00e9sie","description":"Explorez la beaut\u00e9 de la Haute-Gasp\u00e9sie avec notre guide de vacances. Des paysages \u00e9poustouflants, des activit\u00e9s en plein air et des h\u00e9bergements accueillants vous attendent.","robots":{"index":"index","follow":"follow","max-snippet":"max-snippet:-1","max-image-preview":"max-image-preview:large","max-video-preview":"max-video-preview:-1"},"canonical":"https:\/\/vacanceshaute-gaspesie.com\/en\/the-must-sees\/","og_locale":"en_US","og_type":"article","og_title":"Vacances Haute-Gasp\u00e9sie","og_description":"Explorez la beaut\u00e9 de la Haute-Gasp\u00e9sie avec notre guide de vacances. Des paysages \u00e9poustouflants, des activit\u00e9s en plein air et des h\u00e9bergements accueillants vous attendent.","og_url":"https:\/\/vacanceshaute-gaspesie.com\/en\/the-must-sees\/","og_site_name":"Vacances Haute-Gasp\u00e9sie","article_publisher":"https:\/\/www.facebook.com\/VacancesHauteGaspesie","article_modified_time":"2024-04-11T14:27:22+00:00","og_image":[{"width":1200,"height":675,"url":"https:\/\/vacanceshaute-gaspesie.s3.bhs.io.cloud.ovh.net\/2024\/03\/vacanceshautegaspesie.jpg","type":"image\/jpeg"}],"twitter_card":"summary_large_image","twitter_misc":{"Est. reading time":"5 minutes"},"schema":{"@context":"https:\/\/schema.org","@graph":[{"@type":"WebPage","@id":"https:\/\/vacanceshaute-gaspesie.com\/en\/the-must-sees\/","url":"https:\/\/vacanceshaute-gaspesie.com\/en\/the-must-sees\/","name":"Vacances Haute-Gasp\u00e9sie","isPartOf":{"@id":"https:\/\/vacanceshaute-gaspesie.com\/en\/#website"},"datePublished":"2023-06-06T15:52:40+00:00","dateModified":"2024-04-11T14:27:22+00:00","description":"Explorez la beaut\u00e9 de la Haute-Gasp\u00e9sie avec notre guide de vacances. Des paysages \u00e9poustouflants, des activit\u00e9s en plein air et des h\u00e9bergements accueillants vous attendent.","breadcrumb":{"@id":"https:\/\/vacanceshaute-gaspesie.com\/en\/the-must-sees\/#breadcrumb"},"inLanguage":"en-US","potentialAction":[{"@type":"ReadAction","target":["https:\/\/vacanceshaute-gaspesie.com\/en\/the-must-sees\/"]}]},{"@type":"BreadcrumbList","@id":"https:\/\/vacanceshaute-gaspesie.com\/en\/the-must-sees\/#breadcrumb","itemListElement":[{"@type":"ListItem","position":1,"name":"Home","item":"https:\/\/vacanceshaute-gaspesie.com\/en\/"},{"@type":"ListItem","position":2,"name":"THE MUST-SEES"}]},{"@type":"WebSite","@id":"https:\/\/vacanceshaute-gaspesie.com\/en\/#website","url":"https:\/\/vacanceshaute-gaspesie.com\/en\/","name":"Vacances Haute-Gasp\u00e9sie","description":"Explorer la Haute-Gasp\u00e9sie","publisher":{"@id":"https:\/\/vacanceshaute-gaspesie.com\/en\/#organization"},"potentialAction":[{"@type":"SearchAction","target":{"@type":"EntryPoint","urlTemplate":"https:\/\/vacanceshaute-gaspesie.com\/en\/?s={search_term_string}"},"query-input":{"@type":"PropertyValueSpecification","valueRequired":true,"valueName":"search_term_string"}}],"inLanguage":"en-US"},{"@type":"Organization","@id":"https:\/\/vacanceshaute-gaspesie.com\/en\/#organization","name":"Vacances Haute-Gasp\u00e9sie","url":"https:\/\/vacanceshaute-gaspesie.com\/en\/","logo":{"@type":"ImageObject","inLanguage":"en-US","@id":"https:\/\/vacanceshaute-gaspesie.com\/en\/#\/schema\/logo\/image\/","url":"https:\/\/vacanceshaute-gaspesie.s3.bhs.io.cloud.ovh.net\/2024\/03\/vhg-2.jpg","contentUrl":"https:\/\/vacanceshaute-gaspesie.s3.bhs.io.cloud.ovh.net\/2024\/03\/vhg-2.jpg","width":696,"height":696,"caption":"Vacances Haute-Gasp\u00e9sie"},"image":{"@id":"https:\/\/vacanceshaute-gaspesie.com\/en\/#\/schema\/logo\/image\/"},"sameAs":["https:\/\/www.facebook.com\/VacancesHauteGaspesie","https:\/\/www.instagram.com\/vacanceshautegaspesie\/"]}]}},"_links":{"self":[{"href":"https:\/\/vacanceshaute-gaspesie.com\/en\/wp-json\/wp\/v2\/pages\/2577","targetHints":{"allow":["GET"]}}],"collection":[{"href":"https:\/\/vacanceshaute-gaspesie.com\/en\/wp-json\/wp\/v2\/pages"}],"about":[{"href":"https:\/\/vacanceshaute-gaspesie.com\/en\/wp-json\/wp\/v2\/types\/page"}],"author":[{"embeddable":true,"href":"https:\/\/vacanceshaute-gaspesie.com\/en\/wp-json\/wp\/v2\/users\/1"}],"replies":[{"embeddable":true,"href":"https:\/\/vacanceshaute-gaspesie.com\/en\/wp-json\/wp\/v2\/comments?post=2577"}],"version-history":[{"count":15,"href":"https:\/\/vacanceshaute-gaspesie.com\/en\/wp-json\/wp\/v2\/pages\/2577\/revisions"}],"predecessor-version":[{"id":4691,"href":"https:\/\/vacanceshaute-gaspesie.com\/en\/wp-json\/wp\/v2\/pages\/2577\/revisions\/4691"}],"wp:attachment":[{"href":"https:\/\/vacanceshaute-gaspesie.com\/en\/wp-json\/wp\/v2\/media?parent=2577"}],"curies":[{"name":"wp","href":"https:\/\/api.w.org\/{rel}","templated":true}]}}