{"id":2786,"date":"2023-06-06T11:28:23","date_gmt":"2023-06-06T15:28:23","guid":{"rendered":"https:\/\/vacanceshaute-gaspesie.com\/sainte-madeleine-de-la-riviere-madeleine\/"},"modified":"2026-04-14T09:21:51","modified_gmt":"2026-04-14T13:21:51","slug":"sainte-madeleine-de-la-riviere-madeleine","status":"publish","type":"page","link":"https:\/\/vacanceshaute-gaspesie.com\/en\/towns-and-villages\/sainte-madeleine-de-la-riviere-madeleine\/","title":{"rendered":"Sainte-Madeleine-de-la-Rivi\u00e8re-Madeleine"},"content":{"rendered":"<div class=\"wpb-content-wrapper\"><p>[vc_row full_width=&#8221;stretch_row_content_no_spaces&#8221;][vc_column]<div class=\"henri-vc-module module-header \">\r\n    <div class=\"background\">\r\n        <img decoding=\"async\" src=\"https:\/\/vacanceshaute-gaspesie.s3.bhs.io.cloud.ovh.net\/2023\/06\/madeleine-centre1-scaled.jpg\"><\/img>\r\n    <\/div>\r\n    <div class=\"title\">\r\n        <div class=\"container-xxl\" style=\"\">\r\n            <div class=\"row justify-content-center\">\r\n                <div class=\"col-12\">\r\n                    <h1 class=\"txt-center color-inverse\">Sainte-Madeleine-de-la-Rivi\u00e8re-Madeleine<\/h1>\r\n                <\/div>\r\n            <\/div>\r\n        <\/div>\r\n    <\/div>\r\n<\/div>\r\n[\/vc_column][\/vc_row][vc_row][vc_column]<div class=\"henri-vc-module module-bloc-contenu \">\r\n     <div class=\"container-xl\">\r\n        <div class=\"row\">\r\n\r\n            \r\n                <div class=\"col col-12 col-xl-6\">\r\n                    <div class=\"image-wrapper\">\r\n                        <img decoding=\"async\" src=\"https:\/\/vacanceshaute-gaspesie.s3.bhs.io.cloud.ovh.net\/2023\/06\/madeleine2.jpg\">\r\n                    <\/div>\r\n                <\/div>\r\n\r\n                \r\n\r\n\r\n            <div class=\"col col-12 col-xl-6 \">\r\n                <div class=\"content-wrapper style-green\">\r\n                    <div class=\"above-title\">\r\n                        <h6 class=\"green\">Discover<\/h6>\r\n                    <\/div>\r\n                    <div class=\"title\">\r\n                        <h2 class=\"\">The municipality\n<br><span class=\"highlight\">of Sainte-Madeleine-de-la-Rivi\u00e8re-Madeleine<\/span><\/h2>\r\n                    <\/div>\r\n                    \r\n                    <div class=\"content \">\r\n                        <\/p>\n<h4>(Manche-d\u2019\u00c9p\u00e9e, Madeleine-Centre et Rivi\u00e8re Madeleine)<\/h4>\n<p>Standing proudly on a headland overlooking the tidal flats, the Madeleine lighthouse is open to the public. A museum and a craft shop are also found on this stunningly beautiful site. Revered by salmon fishermen, the Madeleine River has another fascinating feature for visitors to discover: carved into the rock at the Grand-Sault waterfall, 11 kilometres upstream of the town, is the longest underground fishway in the world. A quiet community of remarkable beauty, Sainte-Madeleine offers accommodations for every taste and a distinctively regional cuisine.<\/p>\n<p>Kayakers and other users of the Route bleue can enjoy the facilities of the marina, the rest area and the multi-use fishing harbour. And who knows, around the marina, you just might hear a few whopping fish tales!<\/p>\n<p>At the eastern end of the municipality is Manche-d\u2019\u00c9p\u00e9e, a picturesque village in a valley whose mild microclimate allows fruit trees and lush gardens to grow. The valley is also home to an ecological reserve.<\/p>\n<p><strong>Population:<\/strong> 274 (2025)<br \/>\n<strong>Demonym:<\/strong> Madeleinoriverains, Madeleinoriveraines<br \/>\n<strong>Area:<\/strong> 261.12\u00a0km2<br \/>\n<strong>Year founded:<\/strong> 1915<\/p>                    <\/div>\r\n\r\n                    \r\n                    \r\n\t\t\t\t\t                <\/div>\r\n            <\/div>\r\n\r\n\r\n            \r\n        <\/div>\r\n    <\/div>\r\n<\/div>\r\n[\/vc_column][\/vc_row][vc_row][vc_column]<div class=\"henri-vc-module module-bloc-couleur \">\r\n    <div class=\"container-xl\">\r\n        <div class=\"row\">\r\n    \r\n                                <div class=\"col col-12 col-xl-4\">\r\n                        <div class=\"colored-box colored-box-blue box-1 \">\r\n                            <div class=\"text\">\r\n                                <span class=\"highlight\">Our contact information<\/span>\n<br> dg@stemadeleine.ca\n<br> 418-393-2428\n                            <\/div>\r\n                                                    <\/div>\r\n                    <\/div>\r\n                                    <div class=\"col col-12 col-xl-4\">\r\n                        <div class=\"colored-box colored-box-orange box-2 \">\r\n                            <div class=\"text\">\r\n                                Visit the website of <span class=\"highlight\">the municipality of Sainte-Madeleine-de-la-Rivi\u00e8re-Madeleine<\/span>                            <\/div>\r\n                                                                <div class=\"button-wrapper btn-align-center\">\r\n                                        <a class=\"btn btn-style-secondary btn-color-white\" href=\"https:\/\/stemadeleine.ca\/\" title=\"\" rel=\"\" target=\"http:\/\/_blank\"><span>CONSULT<\/span><\/a>\r\n                                    <\/div>\r\n                                                        <\/div>\r\n                    <\/div>\r\n                                    <div class=\"col col-12 col-xl-4\">\r\n                        <div class=\"colored-box colored-box-green box-3 \">\r\n                            <div class=\"text\">\r\n                                Discover the Facebook page of <span class=\"highlight\">the municipality of Sainte-Madeleine-de-la-Rivi\u00e8re-Madeleine<\/span>                            <\/div>\r\n                                                                <div class=\"button-wrapper btn-align-center\">\r\n                                        <a class=\"btn btn-style-secondary btn-color-white\" href=\"https:\/\/www.facebook.com\/profile.php?id=100069496728439\" title=\"\" rel=\"\" target=\"http:\/\/_blank\"><span>CONSULT<\/span><\/a>\r\n                                    <\/div>\r\n                                                        <\/div>\r\n                    <\/div>\r\n                        <\/div>\r\n    <\/div>\r\n<\/div>\r\n[\/vc_column][\/vc_row][vc_row][vc_column]\t\t<div id='module-attraits-builder_4' class='henri-vc-module module-attraits-builder '>\r\n\t\t\t<style>\r\n\t\t\t\t#module-attraits-builder_4 .municipalite {\r\n\t\t\t\t\tcolor: #96c93d !important;\r\n\t\t\t\t}\r\n\t\t\t\t#module-attraits-builder_4 .read-more {\r\n\t\t\t\t\tcolor: #96c93d !important;\r\n\t\t\t\t}\r\n\t\t\t\t#module-attraits-builder_4 .load-more-container > .btn.load-more{\r\n\t\t\t\t\tcolor: #0a0a0a !important;\r\n\t\t\t\t\tborder-color: #0a0a0a !important;\r\n\t\t\t\t\tbackground-color: transparent !important;\r\n\t\t\t\t}\r\n\t\t\t\t#module-attraits-builder_4 .load-more-container > .btn.load-more:hover{\r\n\t\t\t\t\tcolor: #fff !important;\r\n\t\t\t\t\tbackground-color: #0a0a0a !important;\r\n\t\t\t\t}\r\n\t\t\t<\/style>\r\n\t\t\t<div class=\"container-xl\">\r\n\t\t\t\t\t\t\t\t\t<div class=\"row\">\r\n\t\t\t\t\t\t<div class=\"col col-12\">\r\n\t\t\t\t\t\t\t<h4>Discover Sainte-Madeleine-de-la-Rivi\u00e8re-Madeleine<\/h4>\r\n\t\t\t\t\t\t<\/div>\r\n\t\t\t\t\t<\/div>\r\n\t\t\t\t\t\t\t\t<div class=\"row listing-container\">\r\n\t\t\t\t\t\t\t\t\t\t\t\t<div class=\"listing-single-container col-xl-4\">\r\n\t\t<a href=\"https:\/\/vacanceshaute-gaspesie.com\/en\/attraits\/cafe-le-saint-peche\/\">\r\n\t\t\t<div class=\"image\">\r\n\t\t\t\t<img loading=\"lazy\" decoding=\"async\" width=\"374\" height=\"250\" src=\"https:\/\/vacanceshaute-gaspesie.s3.bhs.io.cloud.ovh.net\/2024\/07\/cafesaint-peche2-374x250.jpg\" class=\"attachment-thumbnail_listing size-thumbnail_listing\" alt=\"\" srcset=\"https:\/\/vacanceshaute-gaspesie.s3.bhs.io.cloud.ovh.net\/2024\/07\/cafesaint-peche2-374x250.jpg 374w, https:\/\/vacanceshaute-gaspesie.s3.bhs.io.cloud.ovh.net\/2024\/07\/cafesaint-peche2-391x260.jpg 391w, https:\/\/vacanceshaute-gaspesie.s3.bhs.io.cloud.ovh.net\/2024\/07\/cafesaint-peche2-466x312.jpg 466w\" sizes=\"auto, (max-width: 374px) 100vw, 374px\" \/>\t\t\t<\/div>\r\n\t\t<\/a>\r\n\t\t<div class=\"info\">\r\n\t\t\t<h5 class=\"\">\r\n\t\t\t\t<a href=\"https:\/\/vacanceshaute-gaspesie.com\/en\/attraits\/cafe-le-saint-peche\/\">Caf\u00e9 Le Saint-P\u00e9ch\u00e9<\/a>\r\n\t\t\t<\/h5>\r\n\t\t\t\t\t\t\t<div class=\"municipalite\">\r\n\t\t\t\t\t<span>Sainte-Madeleine-de-la-Rivi\u00e8re-Madeleine<\/span>\r\n\t\t\t\t<\/div>\r\n\t\t\t\t\t\t<p class=\"description\">Le Saint-P\u00e9ch\u00e9 is a charming caf\u00e9-bistro with guest rooms, housed in a renovated heritage house, located in the heart of Rivi\u00e8re-Madeleine. People come here to enjoy high-end coffees and a healthy and fresh culinary offering,...<\/p>\r\n\t\t\t<a href=\"https:\/\/vacanceshaute-gaspesie.com\/en\/attraits\/cafe-le-saint-peche\/\" class=\"read-more\">\r\n\t\t\t\tTo discover\t\t\t<\/a>\r\n\t\t<\/div>\r\n\t<\/div>\r\n\r\n\t<div class=\"listing-single-container col-xl-4\">\r\n\t\t<a href=\"https:\/\/vacanceshaute-gaspesie.com\/en\/attraits\/cap-a-lours-cruises\/\">\r\n\t\t\t<div class=\"image\">\r\n\t\t\t\t<img loading=\"lazy\" decoding=\"async\" width=\"374\" height=\"250\" src=\"https:\/\/vacanceshaute-gaspesie.s3.bhs.io.cloud.ovh.net\/2024\/06\/logocarte2-1-374x250.jpg\" class=\"attachment-thumbnail_listing size-thumbnail_listing\" alt=\"\" srcset=\"https:\/\/vacanceshaute-gaspesie.s3.bhs.io.cloud.ovh.net\/2024\/06\/logocarte2-1-374x250.jpg 374w, https:\/\/vacanceshaute-gaspesie.s3.bhs.io.cloud.ovh.net\/2024\/06\/logocarte2-1-391x260.jpg 391w, https:\/\/vacanceshaute-gaspesie.s3.bhs.io.cloud.ovh.net\/2024\/06\/logocarte2-1-466x312.jpg 466w\" sizes=\"auto, (max-width: 374px) 100vw, 374px\" \/>\t\t\t<\/div>\r\n\t\t<\/a>\r\n\t\t<div class=\"info\">\r\n\t\t\t<h5 class=\"\">\r\n\t\t\t\t<a href=\"https:\/\/vacanceshaute-gaspesie.com\/en\/attraits\/cap-a-lours-cruises\/\">Cap-\u00e0-l\u2019ours cruises<\/a>\r\n\t\t\t<\/h5>\r\n\t\t\t\t\t\t\t<div class=\"municipalite\">\r\n\t\t\t\t\t<span>Sainte-Madeleine-de-la-Rivi\u00e8re-Madeleine<\/span>\r\n\t\t\t\t<\/div>\r\n\t\t\t\t\t\t<p class=\"description\">Set off to discover the treasures of the sea aboard the Cap-\u00e0-l\u2019ours, the Haute-Gasp\u00e9sie cruise, offered by the Municipality of Sainte-Madeleine. A real adventure to discover the sea !<\/p>\r\n\t\t\t<a href=\"https:\/\/vacanceshaute-gaspesie.com\/en\/attraits\/cap-a-lours-cruises\/\" class=\"read-more\">\r\n\t\t\t\tTo discover\t\t\t<\/a>\r\n\t\t<\/div>\r\n\t<\/div>\r\n\r\n\t<div class=\"listing-single-container col-xl-4\">\r\n\t\t<a href=\"https:\/\/vacanceshaute-gaspesie.com\/en\/attraits\/zec-de-la-riviere-madeleine\/\">\r\n\t\t\t<div class=\"image\">\r\n\t\t\t\t<img loading=\"lazy\" decoding=\"async\" width=\"333\" height=\"250\" src=\"https:\/\/vacanceshaute-gaspesie.s3.bhs.io.cloud.ovh.net\/2023\/06\/zecmadeleine3.jpg\" class=\"attachment-thumbnail_listing size-thumbnail_listing\" alt=\"\" srcset=\"https:\/\/vacanceshaute-gaspesie.s3.bhs.io.cloud.ovh.net\/2023\/06\/zecmadeleine3.jpg 992w, https:\/\/vacanceshaute-gaspesie.s3.bhs.io.cloud.ovh.net\/2023\/06\/zecmadeleine3-300x225.jpg 300w, https:\/\/vacanceshaute-gaspesie.s3.bhs.io.cloud.ovh.net\/2023\/06\/zecmadeleine3-768x576.jpg 768w\" sizes=\"auto, (max-width: 333px) 100vw, 333px\" \/>\t\t\t<\/div>\r\n\t\t<\/a>\r\n\t\t<div class=\"info\">\r\n\t\t\t<h5 class=\"\">\r\n\t\t\t\t<a href=\"https:\/\/vacanceshaute-gaspesie.com\/en\/attraits\/zec-de-la-riviere-madeleine\/\">Zec de la Rivi\u00e8re Madeleine<\/a>\r\n\t\t\t<\/h5>\r\n\t\t\t\t\t\t\t<div class=\"municipalite\">\r\n\t\t\t\t\t<span>Sainte-Madeleine-de-la-Rivi\u00e8re-Madeleine (Rivi\u00e8re-Madeleine)<\/span>\r\n\t\t\t\t<\/div>\r\n\t\t\t\t\t\t<p class=\"description\">The salmon fishing along the 60 kilometres of the river upstream from the Grand Sault fishway is managed by the organization La Soci\u00e9t\u00e9 de Gestion de la Rivi\u00e8re Madeleine. The 76 salmon pools, quality of the fishing, and mountainous...<\/p>\r\n\t\t\t<a href=\"https:\/\/vacanceshaute-gaspesie.com\/en\/attraits\/zec-de-la-riviere-madeleine\/\" class=\"read-more\">\r\n\t\t\t\tTo discover\t\t\t<\/a>\r\n\t\t<\/div>\r\n\t<\/div>\r\n\r\n\t\t\t\t\t\t\t\t\t<\/div>\r\n\t\t\t\t<div class=\"load-more-container\">\r\n\t\t\t\t\t\t\t\t\t\t\t<button class=\"btn load-more\" data-nonce=\"177946275f\" data-query-args='{&quot;posts_per_page&quot;:&quot;3&quot;,&quot;categorie&quot;:[],&quot;show_ids&quot;:[],&quot;do_not_show_ids&quot;:[],&quot;saison&quot;:[&quot;annee&quot;,&quot;printemps&quot;,&quot;ete&quot;,&quot;automne&quot;,&quot;hiver&quot;],&quot;municipalite&quot;:[&quot;3471&quot;,&quot;3472&quot;,&quot;3473&quot;],&quot;advanced_query&quot;:&quot;yes&quot;}' data-action=\"attraits_builder_load_more\">\r\n\t\t\t\t\t\t\tVoir plus\t\t\t\t\t\t<\/button>\r\n\t\t\t\t\t\t\t\t\t<\/div>\r\n\t\t\t<\/div>\r\n\t\t<\/div>\r\n\t\t[\/vc_column][\/vc_row]<\/p>\n<\/div>","protected":false},"excerpt":{"rendered":"<p>[vc_row full_width=&#8221;stretch_row_content_no_spaces&#8221;][vc_column][\/vc_column][\/vc_row][vc_row][vc_column][\/vc_column][\/vc_row][vc_row][vc_column][\/vc_column][\/vc_row][vc_row][vc_column][\/vc_column][\/vc_row]<\/p>\n","protected":false},"author":1,"featured_media":0,"parent":2789,"menu_order":0,"comment_status":"closed","ping_status":"closed","template":"","meta":{"inline_featured_image":false,"footnotes":""},"class_list":["post-2786","page","type-page","status-publish","hentry"],"acf":[],"yoast_head":"<!-- This site is optimized with the Yoast SEO plugin v26.7 - https:\/\/yoast.com\/wordpress\/plugins\/seo\/ -->\n<title>Vacances Haute-Gasp\u00e9sie | Sainte-Madeleine-de-la-Rivi\u00e8re-Madeleine<\/title>\n<meta name=\"description\" content=\"Explorez la beaut\u00e9 de la Haute-Gasp\u00e9sie avec notre guide de vacances. Des paysages \u00e9poustouflants, des activit\u00e9s en plein air et des h\u00e9bergements accueillants vous attendent.\" \/>\n<meta name=\"robots\" content=\"index, follow, max-snippet:-1, max-image-preview:large, max-video-preview:-1\" \/>\n<link rel=\"canonical\" href=\"https:\/\/vacanceshaute-gaspesie.com\/en\/towns-and-villages\/sainte-madeleine-de-la-riviere-madeleine\/\" \/>\n<meta property=\"og:locale\" content=\"en_US\" \/>\n<meta property=\"og:type\" content=\"article\" \/>\n<meta property=\"og:title\" content=\"Vacances Haute-Gasp\u00e9sie | Sainte-Madeleine-de-la-Rivi\u00e8re-Madeleine\" \/>\n<meta property=\"og:description\" content=\"Explorez la beaut\u00e9 de la Haute-Gasp\u00e9sie avec notre guide de vacances. Des paysages \u00e9poustouflants, des activit\u00e9s en plein air et des h\u00e9bergements accueillants vous attendent.\" \/>\n<meta property=\"og:url\" content=\"https:\/\/vacanceshaute-gaspesie.com\/en\/towns-and-villages\/sainte-madeleine-de-la-riviere-madeleine\/\" \/>\n<meta property=\"og:site_name\" content=\"Vacances Haute-Gasp\u00e9sie\" \/>\n<meta property=\"article:publisher\" content=\"https:\/\/www.facebook.com\/VacancesHauteGaspesie\" \/>\n<meta property=\"article:modified_time\" content=\"2026-04-14T13:21:51+00:00\" \/>\n<meta property=\"og:image\" content=\"https:\/\/vacanceshaute-gaspesie.s3.bhs.io.cloud.ovh.net\/2024\/03\/vacanceshautegaspesie.jpg\" \/>\n\t<meta property=\"og:image:width\" content=\"1200\" \/>\n\t<meta property=\"og:image:height\" content=\"675\" \/>\n\t<meta property=\"og:image:type\" content=\"image\/jpeg\" \/>\n<meta name=\"twitter:card\" content=\"summary_large_image\" \/>\n<meta name=\"twitter:label1\" content=\"Est. reading time\" \/>\n\t<meta name=\"twitter:data1\" content=\"2 minutes\" \/>\n<script type=\"application\/ld+json\" class=\"yoast-schema-graph\">{\"@context\":\"https:\/\/schema.org\",\"@graph\":[{\"@type\":\"WebPage\",\"@id\":\"https:\/\/vacanceshaute-gaspesie.com\/en\/towns-and-villages\/sainte-madeleine-de-la-riviere-madeleine\/\",\"url\":\"https:\/\/vacanceshaute-gaspesie.com\/en\/towns-and-villages\/sainte-madeleine-de-la-riviere-madeleine\/\",\"name\":\"Vacances Haute-Gasp\u00e9sie | Sainte-Madeleine-de-la-Rivi\u00e8re-Madeleine\",\"isPartOf\":{\"@id\":\"https:\/\/vacanceshaute-gaspesie.com\/en\/#website\"},\"datePublished\":\"2023-06-06T15:28:23+00:00\",\"dateModified\":\"2026-04-14T13:21:51+00:00\",\"description\":\"Explorez la beaut\u00e9 de la Haute-Gasp\u00e9sie avec notre guide de vacances. Des paysages \u00e9poustouflants, des activit\u00e9s en plein air et des h\u00e9bergements accueillants vous attendent.\",\"breadcrumb\":{\"@id\":\"https:\/\/vacanceshaute-gaspesie.com\/en\/towns-and-villages\/sainte-madeleine-de-la-riviere-madeleine\/#breadcrumb\"},\"inLanguage\":\"en-US\",\"potentialAction\":[{\"@type\":\"ReadAction\",\"target\":[\"https:\/\/vacanceshaute-gaspesie.com\/en\/towns-and-villages\/sainte-madeleine-de-la-riviere-madeleine\/\"]}]},{\"@type\":\"BreadcrumbList\",\"@id\":\"https:\/\/vacanceshaute-gaspesie.com\/en\/towns-and-villages\/sainte-madeleine-de-la-riviere-madeleine\/#breadcrumb\",\"itemListElement\":[{\"@type\":\"ListItem\",\"position\":1,\"name\":\"Home\",\"item\":\"https:\/\/vacanceshaute-gaspesie.com\/en\/\"},{\"@type\":\"ListItem\",\"position\":2,\"name\":\"Towns and villages\",\"item\":\"https:\/\/vacanceshaute-gaspesie.com\/en\/towns-and-villages\/\"},{\"@type\":\"ListItem\",\"position\":3,\"name\":\"Sainte-Madeleine-de-la-Rivi\u00e8re-Madeleine\"}]},{\"@type\":\"WebSite\",\"@id\":\"https:\/\/vacanceshaute-gaspesie.com\/en\/#website\",\"url\":\"https:\/\/vacanceshaute-gaspesie.com\/en\/\",\"name\":\"Vacances Haute-Gasp\u00e9sie\",\"description\":\"Explorer la Haute-Gasp\u00e9sie\",\"publisher\":{\"@id\":\"https:\/\/vacanceshaute-gaspesie.com\/en\/#organization\"},\"potentialAction\":[{\"@type\":\"SearchAction\",\"target\":{\"@type\":\"EntryPoint\",\"urlTemplate\":\"https:\/\/vacanceshaute-gaspesie.com\/en\/?s={search_term_string}\"},\"query-input\":{\"@type\":\"PropertyValueSpecification\",\"valueRequired\":true,\"valueName\":\"search_term_string\"}}],\"inLanguage\":\"en-US\"},{\"@type\":\"Organization\",\"@id\":\"https:\/\/vacanceshaute-gaspesie.com\/en\/#organization\",\"name\":\"Vacances Haute-Gasp\u00e9sie\",\"url\":\"https:\/\/vacanceshaute-gaspesie.com\/en\/\",\"logo\":{\"@type\":\"ImageObject\",\"inLanguage\":\"en-US\",\"@id\":\"https:\/\/vacanceshaute-gaspesie.com\/en\/#\/schema\/logo\/image\/\",\"url\":\"https:\/\/vacanceshaute-gaspesie.s3.bhs.io.cloud.ovh.net\/2024\/03\/vhg-2.jpg\",\"contentUrl\":\"https:\/\/vacanceshaute-gaspesie.s3.bhs.io.cloud.ovh.net\/2024\/03\/vhg-2.jpg\",\"width\":696,\"height\":696,\"caption\":\"Vacances Haute-Gasp\u00e9sie\"},\"image\":{\"@id\":\"https:\/\/vacanceshaute-gaspesie.com\/en\/#\/schema\/logo\/image\/\"},\"sameAs\":[\"https:\/\/www.facebook.com\/VacancesHauteGaspesie\",\"https:\/\/www.instagram.com\/vacanceshautegaspesie\/\"]}]}<\/script>\n<!-- \/ Yoast SEO plugin. -->","yoast_head_json":{"title":"Vacances Haute-Gasp\u00e9sie | Sainte-Madeleine-de-la-Rivi\u00e8re-Madeleine","description":"Explorez la beaut\u00e9 de la Haute-Gasp\u00e9sie avec notre guide de vacances. Des paysages \u00e9poustouflants, des activit\u00e9s en plein air et des h\u00e9bergements accueillants vous attendent.","robots":{"index":"index","follow":"follow","max-snippet":"max-snippet:-1","max-image-preview":"max-image-preview:large","max-video-preview":"max-video-preview:-1"},"canonical":"https:\/\/vacanceshaute-gaspesie.com\/en\/towns-and-villages\/sainte-madeleine-de-la-riviere-madeleine\/","og_locale":"en_US","og_type":"article","og_title":"Vacances Haute-Gasp\u00e9sie | Sainte-Madeleine-de-la-Rivi\u00e8re-Madeleine","og_description":"Explorez la beaut\u00e9 de la Haute-Gasp\u00e9sie avec notre guide de vacances. Des paysages \u00e9poustouflants, des activit\u00e9s en plein air et des h\u00e9bergements accueillants vous attendent.","og_url":"https:\/\/vacanceshaute-gaspesie.com\/en\/towns-and-villages\/sainte-madeleine-de-la-riviere-madeleine\/","og_site_name":"Vacances Haute-Gasp\u00e9sie","article_publisher":"https:\/\/www.facebook.com\/VacancesHauteGaspesie","article_modified_time":"2026-04-14T13:21:51+00:00","og_image":[{"width":1200,"height":675,"url":"https:\/\/vacanceshaute-gaspesie.s3.bhs.io.cloud.ovh.net\/2024\/03\/vacanceshautegaspesie.jpg","type":"image\/jpeg"}],"twitter_card":"summary_large_image","twitter_misc":{"Est. reading time":"2 minutes"},"schema":{"@context":"https:\/\/schema.org","@graph":[{"@type":"WebPage","@id":"https:\/\/vacanceshaute-gaspesie.com\/en\/towns-and-villages\/sainte-madeleine-de-la-riviere-madeleine\/","url":"https:\/\/vacanceshaute-gaspesie.com\/en\/towns-and-villages\/sainte-madeleine-de-la-riviere-madeleine\/","name":"Vacances Haute-Gasp\u00e9sie | Sainte-Madeleine-de-la-Rivi\u00e8re-Madeleine","isPartOf":{"@id":"https:\/\/vacanceshaute-gaspesie.com\/en\/#website"},"datePublished":"2023-06-06T15:28:23+00:00","dateModified":"2026-04-14T13:21:51+00:00","description":"Explorez la beaut\u00e9 de la Haute-Gasp\u00e9sie avec notre guide de vacances. Des paysages \u00e9poustouflants, des activit\u00e9s en plein air et des h\u00e9bergements accueillants vous attendent.","breadcrumb":{"@id":"https:\/\/vacanceshaute-gaspesie.com\/en\/towns-and-villages\/sainte-madeleine-de-la-riviere-madeleine\/#breadcrumb"},"inLanguage":"en-US","potentialAction":[{"@type":"ReadAction","target":["https:\/\/vacanceshaute-gaspesie.com\/en\/towns-and-villages\/sainte-madeleine-de-la-riviere-madeleine\/"]}]},{"@type":"BreadcrumbList","@id":"https:\/\/vacanceshaute-gaspesie.com\/en\/towns-and-villages\/sainte-madeleine-de-la-riviere-madeleine\/#breadcrumb","itemListElement":[{"@type":"ListItem","position":1,"name":"Home","item":"https:\/\/vacanceshaute-gaspesie.com\/en\/"},{"@type":"ListItem","position":2,"name":"Towns and villages","item":"https:\/\/vacanceshaute-gaspesie.com\/en\/towns-and-villages\/"},{"@type":"ListItem","position":3,"name":"Sainte-Madeleine-de-la-Rivi\u00e8re-Madeleine"}]},{"@type":"WebSite","@id":"https:\/\/vacanceshaute-gaspesie.com\/en\/#website","url":"https:\/\/vacanceshaute-gaspesie.com\/en\/","name":"Vacances Haute-Gasp\u00e9sie","description":"Explorer la Haute-Gasp\u00e9sie","publisher":{"@id":"https:\/\/vacanceshaute-gaspesie.com\/en\/#organization"},"potentialAction":[{"@type":"SearchAction","target":{"@type":"EntryPoint","urlTemplate":"https:\/\/vacanceshaute-gaspesie.com\/en\/?s={search_term_string}"},"query-input":{"@type":"PropertyValueSpecification","valueRequired":true,"valueName":"search_term_string"}}],"inLanguage":"en-US"},{"@type":"Organization","@id":"https:\/\/vacanceshaute-gaspesie.com\/en\/#organization","name":"Vacances Haute-Gasp\u00e9sie","url":"https:\/\/vacanceshaute-gaspesie.com\/en\/","logo":{"@type":"ImageObject","inLanguage":"en-US","@id":"https:\/\/vacanceshaute-gaspesie.com\/en\/#\/schema\/logo\/image\/","url":"https:\/\/vacanceshaute-gaspesie.s3.bhs.io.cloud.ovh.net\/2024\/03\/vhg-2.jpg","contentUrl":"https:\/\/vacanceshaute-gaspesie.s3.bhs.io.cloud.ovh.net\/2024\/03\/vhg-2.jpg","width":696,"height":696,"caption":"Vacances Haute-Gasp\u00e9sie"},"image":{"@id":"https:\/\/vacanceshaute-gaspesie.com\/en\/#\/schema\/logo\/image\/"},"sameAs":["https:\/\/www.facebook.com\/VacancesHauteGaspesie","https:\/\/www.instagram.com\/vacanceshautegaspesie\/"]}]}},"_links":{"self":[{"href":"https:\/\/vacanceshaute-gaspesie.com\/en\/wp-json\/wp\/v2\/pages\/2786","targetHints":{"allow":["GET"]}}],"collection":[{"href":"https:\/\/vacanceshaute-gaspesie.com\/en\/wp-json\/wp\/v2\/pages"}],"about":[{"href":"https:\/\/vacanceshaute-gaspesie.com\/en\/wp-json\/wp\/v2\/types\/page"}],"author":[{"embeddable":true,"href":"https:\/\/vacanceshaute-gaspesie.com\/en\/wp-json\/wp\/v2\/users\/1"}],"replies":[{"embeddable":true,"href":"https:\/\/vacanceshaute-gaspesie.com\/en\/wp-json\/wp\/v2\/comments?post=2786"}],"version-history":[{"count":8,"href":"https:\/\/vacanceshaute-gaspesie.com\/en\/wp-json\/wp\/v2\/pages\/2786\/revisions"}],"predecessor-version":[{"id":9030,"href":"https:\/\/vacanceshaute-gaspesie.com\/en\/wp-json\/wp\/v2\/pages\/2786\/revisions\/9030"}],"up":[{"embeddable":true,"href":"https:\/\/vacanceshaute-gaspesie.com\/en\/wp-json\/wp\/v2\/pages\/2789"}],"wp:attachment":[{"href":"https:\/\/vacanceshaute-gaspesie.com\/en\/wp-json\/wp\/v2\/media?parent=2786"}],"curies":[{"name":"wp","href":"https:\/\/api.w.org\/{rel}","templated":true}]}}