{"id":2815,"date":"2023-05-02T09:40:22","date_gmt":"2023-05-02T13:40:22","guid":{"rendered":"https:\/\/vacanceshaute-gaspesie.com\/nos-evenements\/"},"modified":"2023-09-07T11:10:34","modified_gmt":"2023-09-07T15:10:34","slug":"our-events","status":"publish","type":"page","link":"https:\/\/vacanceshaute-gaspesie.com\/en\/our-events\/","title":{"rendered":"Our events"},"content":{"rendered":"","protected":false},"excerpt":{"rendered":"","protected":false},"author":1,"featured_media":225,"parent":0,"menu_order":0,"comment_status":"closed","ping_status":"closed","template":"_templates\/template-evenements.php","meta":{"inline_featured_image":false,"footnotes":""},"class_list":["post-2815","page","type-page","status-publish","has-post-thumbnail","hentry"],"acf":[],"yoast_head":"<!-- This site is optimized with the Yoast SEO plugin v26.7 - https:\/\/yoast.com\/wordpress\/plugins\/seo\/ -->\n<title>Vacances Haute-Gasp\u00e9sie |\u00a0Our events<\/title>\n<meta name=\"description\" content=\"Explorez la beaut\u00e9 de la Haute-Gasp\u00e9sie avec notre guide de vacances. Des paysages \u00e9poustouflants, des activit\u00e9s en plein air et des h\u00e9bergements accueillants vous attendent.\" \/>\n<meta name=\"robots\" content=\"index, follow, max-snippet:-1, max-image-preview:large, max-video-preview:-1\" \/>\n<link rel=\"canonical\" href=\"https:\/\/vacanceshaute-gaspesie.com\/en\/our-events\/\" \/>\n<meta property=\"og:locale\" content=\"en_US\" \/>\n<meta property=\"og:type\" content=\"article\" \/>\n<meta property=\"og:title\" content=\"Vacances Haute-Gasp\u00e9sie |\u00a0Our events\" \/>\n<meta property=\"og:description\" content=\"Explorez la beaut\u00e9 de la Haute-Gasp\u00e9sie avec notre guide de vacances. Des paysages \u00e9poustouflants, des activit\u00e9s en plein air et des h\u00e9bergements accueillants vous attendent.\" \/>\n<meta property=\"og:url\" content=\"https:\/\/vacanceshaute-gaspesie.com\/en\/our-events\/\" \/>\n<meta property=\"og:site_name\" content=\"Vacances Haute-Gasp\u00e9sie\" \/>\n<meta property=\"article:publisher\" content=\"https:\/\/www.facebook.com\/VacancesHauteGaspesie\" \/>\n<meta property=\"article:modified_time\" content=\"2023-09-07T15:10:34+00:00\" \/>\n<meta property=\"og:image\" content=\"https:\/\/vacanceshaute-gaspesie.com\/wp-content\/uploads\/2023\/05\/optimized-evenements.jpg\" \/>\n\t<meta property=\"og:image:width\" content=\"1920\" \/>\n\t<meta property=\"og:image:height\" content=\"808\" \/>\n\t<meta property=\"og:image:type\" content=\"image\/jpeg\" \/>\n<meta name=\"twitter:card\" content=\"summary_large_image\" \/>\n<script type=\"application\/ld+json\" class=\"yoast-schema-graph\">{\"@context\":\"https:\/\/schema.org\",\"@graph\":[{\"@type\":\"WebPage\",\"@id\":\"https:\/\/vacanceshaute-gaspesie.com\/en\/our-events\/\",\"url\":\"https:\/\/vacanceshaute-gaspesie.com\/en\/our-events\/\",\"name\":\"Vacances Haute-Gasp\u00e9sie |\u00a0Our events\",\"isPartOf\":{\"@id\":\"https:\/\/vacanceshaute-gaspesie.com\/en\/#website\"},\"primaryImageOfPage\":{\"@id\":\"https:\/\/vacanceshaute-gaspesie.com\/en\/our-events\/#primaryimage\"},\"image\":{\"@id\":\"https:\/\/vacanceshaute-gaspesie.com\/en\/our-events\/#primaryimage\"},\"thumbnailUrl\":\"https:\/\/vacanceshaute-gaspesie.s3.bhs.io.cloud.ovh.net\/2023\/05\/optimized-evenements.jpg\",\"datePublished\":\"2023-05-02T13:40:22+00:00\",\"dateModified\":\"2023-09-07T15:10:34+00:00\",\"description\":\"Explorez la beaut\u00e9 de la Haute-Gasp\u00e9sie avec notre guide de vacances. Des paysages \u00e9poustouflants, des activit\u00e9s en plein air et des h\u00e9bergements accueillants vous attendent.\",\"breadcrumb\":{\"@id\":\"https:\/\/vacanceshaute-gaspesie.com\/en\/our-events\/#breadcrumb\"},\"inLanguage\":\"en-US\",\"potentialAction\":[{\"@type\":\"ReadAction\",\"target\":[\"https:\/\/vacanceshaute-gaspesie.com\/en\/our-events\/\"]}]},{\"@type\":\"ImageObject\",\"inLanguage\":\"en-US\",\"@id\":\"https:\/\/vacanceshaute-gaspesie.com\/en\/our-events\/#primaryimage\",\"url\":\"https:\/\/vacanceshaute-gaspesie.s3.bhs.io.cloud.ovh.net\/2023\/05\/optimized-evenements.jpg\",\"contentUrl\":\"https:\/\/vacanceshaute-gaspesie.s3.bhs.io.cloud.ovh.net\/2023\/05\/optimized-evenements.jpg\",\"width\":1920,\"height\":808},{\"@type\":\"BreadcrumbList\",\"@id\":\"https:\/\/vacanceshaute-gaspesie.com\/en\/our-events\/#breadcrumb\",\"itemListElement\":[{\"@type\":\"ListItem\",\"position\":1,\"name\":\"Home\",\"item\":\"https:\/\/vacanceshaute-gaspesie.com\/en\/\"},{\"@type\":\"ListItem\",\"position\":2,\"name\":\"Our events\"}]},{\"@type\":\"WebSite\",\"@id\":\"https:\/\/vacanceshaute-gaspesie.com\/en\/#website\",\"url\":\"https:\/\/vacanceshaute-gaspesie.com\/en\/\",\"name\":\"Vacances Haute-Gasp\u00e9sie\",\"description\":\"Explorer la Haute-Gasp\u00e9sie\",\"publisher\":{\"@id\":\"https:\/\/vacanceshaute-gaspesie.com\/en\/#organization\"},\"potentialAction\":[{\"@type\":\"SearchAction\",\"target\":{\"@type\":\"EntryPoint\",\"urlTemplate\":\"https:\/\/vacanceshaute-gaspesie.com\/en\/?s={search_term_string}\"},\"query-input\":{\"@type\":\"PropertyValueSpecification\",\"valueRequired\":true,\"valueName\":\"search_term_string\"}}],\"inLanguage\":\"en-US\"},{\"@type\":\"Organization\",\"@id\":\"https:\/\/vacanceshaute-gaspesie.com\/en\/#organization\",\"name\":\"Vacances Haute-Gasp\u00e9sie\",\"url\":\"https:\/\/vacanceshaute-gaspesie.com\/en\/\",\"logo\":{\"@type\":\"ImageObject\",\"inLanguage\":\"en-US\",\"@id\":\"https:\/\/vacanceshaute-gaspesie.com\/en\/#\/schema\/logo\/image\/\",\"url\":\"https:\/\/vacanceshaute-gaspesie.s3.bhs.io.cloud.ovh.net\/2024\/03\/vhg-2.jpg\",\"contentUrl\":\"https:\/\/vacanceshaute-gaspesie.s3.bhs.io.cloud.ovh.net\/2024\/03\/vhg-2.jpg\",\"width\":696,\"height\":696,\"caption\":\"Vacances Haute-Gasp\u00e9sie\"},\"image\":{\"@id\":\"https:\/\/vacanceshaute-gaspesie.com\/en\/#\/schema\/logo\/image\/\"},\"sameAs\":[\"https:\/\/www.facebook.com\/VacancesHauteGaspesie\",\"https:\/\/www.instagram.com\/vacanceshautegaspesie\/\"]}]}<\/script>\n<!-- \/ Yoast SEO plugin. -->","yoast_head_json":{"title":"Vacances Haute-Gasp\u00e9sie |\u00a0Our events","description":"Explorez la beaut\u00e9 de la Haute-Gasp\u00e9sie avec notre guide de vacances. Des paysages \u00e9poustouflants, des activit\u00e9s en plein air et des h\u00e9bergements accueillants vous attendent.","robots":{"index":"index","follow":"follow","max-snippet":"max-snippet:-1","max-image-preview":"max-image-preview:large","max-video-preview":"max-video-preview:-1"},"canonical":"https:\/\/vacanceshaute-gaspesie.com\/en\/our-events\/","og_locale":"en_US","og_type":"article","og_title":"Vacances Haute-Gasp\u00e9sie |\u00a0Our events","og_description":"Explorez la beaut\u00e9 de la Haute-Gasp\u00e9sie avec notre guide de vacances. Des paysages \u00e9poustouflants, des activit\u00e9s en plein air et des h\u00e9bergements accueillants vous attendent.","og_url":"https:\/\/vacanceshaute-gaspesie.com\/en\/our-events\/","og_site_name":"Vacances Haute-Gasp\u00e9sie","article_publisher":"https:\/\/www.facebook.com\/VacancesHauteGaspesie","article_modified_time":"2023-09-07T15:10:34+00:00","og_image":[{"width":1920,"height":808,"url":"https:\/\/vacanceshaute-gaspesie.com\/wp-content\/uploads\/2023\/05\/optimized-evenements.jpg","type":"image\/jpeg"}],"twitter_card":"summary_large_image","schema":{"@context":"https:\/\/schema.org","@graph":[{"@type":"WebPage","@id":"https:\/\/vacanceshaute-gaspesie.com\/en\/our-events\/","url":"https:\/\/vacanceshaute-gaspesie.com\/en\/our-events\/","name":"Vacances Haute-Gasp\u00e9sie |\u00a0Our events","isPartOf":{"@id":"https:\/\/vacanceshaute-gaspesie.com\/en\/#website"},"primaryImageOfPage":{"@id":"https:\/\/vacanceshaute-gaspesie.com\/en\/our-events\/#primaryimage"},"image":{"@id":"https:\/\/vacanceshaute-gaspesie.com\/en\/our-events\/#primaryimage"},"thumbnailUrl":"https:\/\/vacanceshaute-gaspesie.s3.bhs.io.cloud.ovh.net\/2023\/05\/optimized-evenements.jpg","datePublished":"2023-05-02T13:40:22+00:00","dateModified":"2023-09-07T15:10:34+00:00","description":"Explorez la beaut\u00e9 de la Haute-Gasp\u00e9sie avec notre guide de vacances. Des paysages \u00e9poustouflants, des activit\u00e9s en plein air et des h\u00e9bergements accueillants vous attendent.","breadcrumb":{"@id":"https:\/\/vacanceshaute-gaspesie.com\/en\/our-events\/#breadcrumb"},"inLanguage":"en-US","potentialAction":[{"@type":"ReadAction","target":["https:\/\/vacanceshaute-gaspesie.com\/en\/our-events\/"]}]},{"@type":"ImageObject","inLanguage":"en-US","@id":"https:\/\/vacanceshaute-gaspesie.com\/en\/our-events\/#primaryimage","url":"https:\/\/vacanceshaute-gaspesie.s3.bhs.io.cloud.ovh.net\/2023\/05\/optimized-evenements.jpg","contentUrl":"https:\/\/vacanceshaute-gaspesie.s3.bhs.io.cloud.ovh.net\/2023\/05\/optimized-evenements.jpg","width":1920,"height":808},{"@type":"BreadcrumbList","@id":"https:\/\/vacanceshaute-gaspesie.com\/en\/our-events\/#breadcrumb","itemListElement":[{"@type":"ListItem","position":1,"name":"Home","item":"https:\/\/vacanceshaute-gaspesie.com\/en\/"},{"@type":"ListItem","position":2,"name":"Our events"}]},{"@type":"WebSite","@id":"https:\/\/vacanceshaute-gaspesie.com\/en\/#website","url":"https:\/\/vacanceshaute-gaspesie.com\/en\/","name":"Vacances Haute-Gasp\u00e9sie","description":"Explorer la Haute-Gasp\u00e9sie","publisher":{"@id":"https:\/\/vacanceshaute-gaspesie.com\/en\/#organization"},"potentialAction":[{"@type":"SearchAction","target":{"@type":"EntryPoint","urlTemplate":"https:\/\/vacanceshaute-gaspesie.com\/en\/?s={search_term_string}"},"query-input":{"@type":"PropertyValueSpecification","valueRequired":true,"valueName":"search_term_string"}}],"inLanguage":"en-US"},{"@type":"Organization","@id":"https:\/\/vacanceshaute-gaspesie.com\/en\/#organization","name":"Vacances Haute-Gasp\u00e9sie","url":"https:\/\/vacanceshaute-gaspesie.com\/en\/","logo":{"@type":"ImageObject","inLanguage":"en-US","@id":"https:\/\/vacanceshaute-gaspesie.com\/en\/#\/schema\/logo\/image\/","url":"https:\/\/vacanceshaute-gaspesie.s3.bhs.io.cloud.ovh.net\/2024\/03\/vhg-2.jpg","contentUrl":"https:\/\/vacanceshaute-gaspesie.s3.bhs.io.cloud.ovh.net\/2024\/03\/vhg-2.jpg","width":696,"height":696,"caption":"Vacances Haute-Gasp\u00e9sie"},"image":{"@id":"https:\/\/vacanceshaute-gaspesie.com\/en\/#\/schema\/logo\/image\/"},"sameAs":["https:\/\/www.facebook.com\/VacancesHauteGaspesie","https:\/\/www.instagram.com\/vacanceshautegaspesie\/"]}]}},"_links":{"self":[{"href":"https:\/\/vacanceshaute-gaspesie.com\/en\/wp-json\/wp\/v2\/pages\/2815","targetHints":{"allow":["GET"]}}],"collection":[{"href":"https:\/\/vacanceshaute-gaspesie.com\/en\/wp-json\/wp\/v2\/pages"}],"about":[{"href":"https:\/\/vacanceshaute-gaspesie.com\/en\/wp-json\/wp\/v2\/types\/page"}],"author":[{"embeddable":true,"href":"https:\/\/vacanceshaute-gaspesie.com\/en\/wp-json\/wp\/v2\/users\/1"}],"replies":[{"embeddable":true,"href":"https:\/\/vacanceshaute-gaspesie.com\/en\/wp-json\/wp\/v2\/comments?post=2815"}],"version-history":[{"count":2,"href":"https:\/\/vacanceshaute-gaspesie.com\/en\/wp-json\/wp\/v2\/pages\/2815\/revisions"}],"predecessor-version":[{"id":2817,"href":"https:\/\/vacanceshaute-gaspesie.com\/en\/wp-json\/wp\/v2\/pages\/2815\/revisions\/2817"}],"wp:featuredmedia":[{"embeddable":true,"href":"https:\/\/vacanceshaute-gaspesie.com\/en\/wp-json\/wp\/v2\/media\/225"}],"wp:attachment":[{"href":"https:\/\/vacanceshaute-gaspesie.com\/en\/wp-json\/wp\/v2\/media?parent=2815"}],"curies":[{"name":"wp","href":"https:\/\/api.w.org\/{rel}","templated":true}]}}