{"id":4128,"date":"2024-02-29T11:05:46","date_gmt":"2024-02-29T16:05:46","guid":{"rendered":"https:\/\/vacanceshaute-gaspesie.com\/credits\/"},"modified":"2024-02-29T11:12:56","modified_gmt":"2024-02-29T16:12:56","slug":"photo-credits","status":"publish","type":"page","link":"https:\/\/vacanceshaute-gaspesie.com\/en\/photo-credits\/","title":{"rendered":"Photo credits"},"content":{"rendered":"<div class=\"wpb-content-wrapper\"><p>[vc_row][vc_column]<div class=\"henri-vc-module module-bloc-contenu \">\r\n     <div class=\"container-xl\">\r\n        <div class=\"row\">\r\n\r\n            \r\n\r\n\r\n            <div class=\"col col-12 col-xl-12 \">\r\n                <div class=\"content-wrapper style-blue\">\r\n                    <div class=\"above-title\">\r\n                        <h6 class=\"blue\"><\/h6>\r\n                    <\/div>\r\n                    <div class=\"title\">\r\n                        <h2 class=\"\">Photo credits :<\/h2>\r\n                    <\/div>\r\n                    \r\n                    <div class=\"content \">\r\n                        <p>The majority of photos were collected on the respective establishment sites, on their Facebook page or on the site bonjourquebec.com.<\/p>\n<p><strong>Photo credits :<\/strong><\/p>\n<p>\u00c9ric Marchand<br \/>\nFran\u00e7ois Boulanger<br \/>\nPascal L\u00e9vesque<br \/>\nLa Pointe sec<br \/>\nGiovanni Mancini<br \/>\nJean-S\u00e9bastien Cloutier<br \/>\nJennifer St-Laurent<br \/>\nJerome Landry<br \/>\nExploramer<br \/>\nMaryse L\u00e9tourneau<br \/>\nRichard Marin<br \/>\nSEPAQ Mathieu Charland<br \/>\nSEPAQ Steve Desch\u00eanes<br \/>\nJean-Pierre Gagnon<br \/>\nTourisme Gasp\u00e9sie<br \/>\nG\u00eete du Mont-Albert, S\u00e9paq<br \/>\nMartin Barriault<br \/>\nCandy Bezeau<br \/>\nMichel Vall\u00e9e<br \/>\nSteve Deschenes, Photographe<br \/>\nJay zack Eli, Photographe<br \/>\nAlain Dugas<br \/>\nAuberge L&#8217;Amarr\u00e9<br \/>\nChok Images<br \/>\nSki Chic-Chocs<\/p>                    <\/div>\r\n\r\n                    \r\n                    \r\n\t\t\t\t\t                <\/div>\r\n            <\/div>\r\n\r\n\r\n            \r\n        <\/div>\r\n    <\/div>\r\n<\/div>\r\n[\/vc_column][\/vc_row]<\/p>\n<\/div>","protected":false},"excerpt":{"rendered":"<p>[vc_row][vc_column][\/vc_column][\/vc_row]<\/p>\n","protected":false},"author":1,"featured_media":0,"parent":0,"menu_order":0,"comment_status":"closed","ping_status":"closed","template":"","meta":{"inline_featured_image":false,"footnotes":""},"class_list":["post-4128","page","type-page","status-publish","hentry"],"acf":[],"yoast_head":"<!-- This site is optimized with the Yoast SEO plugin v26.7 - https:\/\/yoast.com\/wordpress\/plugins\/seo\/ -->\n<title>Vacances Haute-Gasp\u00e9sie<\/title>\n<meta name=\"description\" content=\"Explorez la beaut\u00e9 de la Haute-Gasp\u00e9sie avec notre guide de vacances. Des paysages \u00e9poustouflants, des activit\u00e9s en plein air et des h\u00e9bergements accueillants vous attendent.\" \/>\n<meta name=\"robots\" content=\"index, follow, max-snippet:-1, max-image-preview:large, max-video-preview:-1\" \/>\n<link rel=\"canonical\" href=\"https:\/\/vacanceshaute-gaspesie.com\/en\/photo-credits\/\" \/>\n<meta property=\"og:locale\" content=\"en_US\" \/>\n<meta property=\"og:type\" content=\"article\" \/>\n<meta property=\"og:title\" content=\"Vacances Haute-Gasp\u00e9sie\" \/>\n<meta property=\"og:description\" content=\"Explorez la beaut\u00e9 de la Haute-Gasp\u00e9sie avec notre guide de vacances. Des paysages \u00e9poustouflants, des activit\u00e9s en plein air et des h\u00e9bergements accueillants vous attendent.\" \/>\n<meta property=\"og:url\" content=\"https:\/\/vacanceshaute-gaspesie.com\/en\/photo-credits\/\" \/>\n<meta property=\"og:site_name\" content=\"Vacances Haute-Gasp\u00e9sie\" \/>\n<meta property=\"article:publisher\" content=\"https:\/\/www.facebook.com\/VacancesHauteGaspesie\" \/>\n<meta property=\"article:modified_time\" content=\"2024-02-29T16:12:56+00:00\" \/>\n<meta property=\"og:image\" content=\"https:\/\/vacanceshaute-gaspesie.s3.bhs.io.cloud.ovh.net\/2024\/03\/vacanceshautegaspesie.jpg\" \/>\n\t<meta property=\"og:image:width\" content=\"1200\" \/>\n\t<meta property=\"og:image:height\" content=\"675\" \/>\n\t<meta property=\"og:image:type\" content=\"image\/jpeg\" \/>\n<meta name=\"twitter:card\" content=\"summary_large_image\" \/>\n<meta name=\"twitter:label1\" content=\"Est. reading time\" \/>\n\t<meta name=\"twitter:data1\" content=\"1 minute\" \/>\n<script type=\"application\/ld+json\" class=\"yoast-schema-graph\">{\"@context\":\"https:\/\/schema.org\",\"@graph\":[{\"@type\":\"WebPage\",\"@id\":\"https:\/\/vacanceshaute-gaspesie.com\/en\/photo-credits\/\",\"url\":\"https:\/\/vacanceshaute-gaspesie.com\/en\/photo-credits\/\",\"name\":\"Vacances Haute-Gasp\u00e9sie\",\"isPartOf\":{\"@id\":\"https:\/\/vacanceshaute-gaspesie.com\/en\/#website\"},\"datePublished\":\"2024-02-29T16:05:46+00:00\",\"dateModified\":\"2024-02-29T16:12:56+00:00\",\"description\":\"Explorez la beaut\u00e9 de la Haute-Gasp\u00e9sie avec notre guide de vacances. Des paysages \u00e9poustouflants, des activit\u00e9s en plein air et des h\u00e9bergements accueillants vous attendent.\",\"breadcrumb\":{\"@id\":\"https:\/\/vacanceshaute-gaspesie.com\/en\/photo-credits\/#breadcrumb\"},\"inLanguage\":\"en-US\",\"potentialAction\":[{\"@type\":\"ReadAction\",\"target\":[\"https:\/\/vacanceshaute-gaspesie.com\/en\/photo-credits\/\"]}]},{\"@type\":\"BreadcrumbList\",\"@id\":\"https:\/\/vacanceshaute-gaspesie.com\/en\/photo-credits\/#breadcrumb\",\"itemListElement\":[{\"@type\":\"ListItem\",\"position\":1,\"name\":\"Home\",\"item\":\"https:\/\/vacanceshaute-gaspesie.com\/en\/\"},{\"@type\":\"ListItem\",\"position\":2,\"name\":\"Photo credits\"}]},{\"@type\":\"WebSite\",\"@id\":\"https:\/\/vacanceshaute-gaspesie.com\/en\/#website\",\"url\":\"https:\/\/vacanceshaute-gaspesie.com\/en\/\",\"name\":\"Vacances Haute-Gasp\u00e9sie\",\"description\":\"Explorer la Haute-Gasp\u00e9sie\",\"publisher\":{\"@id\":\"https:\/\/vacanceshaute-gaspesie.com\/en\/#organization\"},\"potentialAction\":[{\"@type\":\"SearchAction\",\"target\":{\"@type\":\"EntryPoint\",\"urlTemplate\":\"https:\/\/vacanceshaute-gaspesie.com\/en\/?s={search_term_string}\"},\"query-input\":{\"@type\":\"PropertyValueSpecification\",\"valueRequired\":true,\"valueName\":\"search_term_string\"}}],\"inLanguage\":\"en-US\"},{\"@type\":\"Organization\",\"@id\":\"https:\/\/vacanceshaute-gaspesie.com\/en\/#organization\",\"name\":\"Vacances Haute-Gasp\u00e9sie\",\"url\":\"https:\/\/vacanceshaute-gaspesie.com\/en\/\",\"logo\":{\"@type\":\"ImageObject\",\"inLanguage\":\"en-US\",\"@id\":\"https:\/\/vacanceshaute-gaspesie.com\/en\/#\/schema\/logo\/image\/\",\"url\":\"https:\/\/vacanceshaute-gaspesie.s3.bhs.io.cloud.ovh.net\/2024\/03\/vhg-2.jpg\",\"contentUrl\":\"https:\/\/vacanceshaute-gaspesie.s3.bhs.io.cloud.ovh.net\/2024\/03\/vhg-2.jpg\",\"width\":696,\"height\":696,\"caption\":\"Vacances Haute-Gasp\u00e9sie\"},\"image\":{\"@id\":\"https:\/\/vacanceshaute-gaspesie.com\/en\/#\/schema\/logo\/image\/\"},\"sameAs\":[\"https:\/\/www.facebook.com\/VacancesHauteGaspesie\",\"https:\/\/www.instagram.com\/vacanceshautegaspesie\/\"]}]}<\/script>\n<!-- \/ Yoast SEO plugin. -->","yoast_head_json":{"title":"Vacances Haute-Gasp\u00e9sie","description":"Explorez la beaut\u00e9 de la Haute-Gasp\u00e9sie avec notre guide de vacances. Des paysages \u00e9poustouflants, des activit\u00e9s en plein air et des h\u00e9bergements accueillants vous attendent.","robots":{"index":"index","follow":"follow","max-snippet":"max-snippet:-1","max-image-preview":"max-image-preview:large","max-video-preview":"max-video-preview:-1"},"canonical":"https:\/\/vacanceshaute-gaspesie.com\/en\/photo-credits\/","og_locale":"en_US","og_type":"article","og_title":"Vacances Haute-Gasp\u00e9sie","og_description":"Explorez la beaut\u00e9 de la Haute-Gasp\u00e9sie avec notre guide de vacances. Des paysages \u00e9poustouflants, des activit\u00e9s en plein air et des h\u00e9bergements accueillants vous attendent.","og_url":"https:\/\/vacanceshaute-gaspesie.com\/en\/photo-credits\/","og_site_name":"Vacances Haute-Gasp\u00e9sie","article_publisher":"https:\/\/www.facebook.com\/VacancesHauteGaspesie","article_modified_time":"2024-02-29T16:12:56+00:00","og_image":[{"width":1200,"height":675,"url":"https:\/\/vacanceshaute-gaspesie.s3.bhs.io.cloud.ovh.net\/2024\/03\/vacanceshautegaspesie.jpg","type":"image\/jpeg"}],"twitter_card":"summary_large_image","twitter_misc":{"Est. reading time":"1 minute"},"schema":{"@context":"https:\/\/schema.org","@graph":[{"@type":"WebPage","@id":"https:\/\/vacanceshaute-gaspesie.com\/en\/photo-credits\/","url":"https:\/\/vacanceshaute-gaspesie.com\/en\/photo-credits\/","name":"Vacances Haute-Gasp\u00e9sie","isPartOf":{"@id":"https:\/\/vacanceshaute-gaspesie.com\/en\/#website"},"datePublished":"2024-02-29T16:05:46+00:00","dateModified":"2024-02-29T16:12:56+00:00","description":"Explorez la beaut\u00e9 de la Haute-Gasp\u00e9sie avec notre guide de vacances. Des paysages \u00e9poustouflants, des activit\u00e9s en plein air et des h\u00e9bergements accueillants vous attendent.","breadcrumb":{"@id":"https:\/\/vacanceshaute-gaspesie.com\/en\/photo-credits\/#breadcrumb"},"inLanguage":"en-US","potentialAction":[{"@type":"ReadAction","target":["https:\/\/vacanceshaute-gaspesie.com\/en\/photo-credits\/"]}]},{"@type":"BreadcrumbList","@id":"https:\/\/vacanceshaute-gaspesie.com\/en\/photo-credits\/#breadcrumb","itemListElement":[{"@type":"ListItem","position":1,"name":"Home","item":"https:\/\/vacanceshaute-gaspesie.com\/en\/"},{"@type":"ListItem","position":2,"name":"Photo credits"}]},{"@type":"WebSite","@id":"https:\/\/vacanceshaute-gaspesie.com\/en\/#website","url":"https:\/\/vacanceshaute-gaspesie.com\/en\/","name":"Vacances Haute-Gasp\u00e9sie","description":"Explorer la Haute-Gasp\u00e9sie","publisher":{"@id":"https:\/\/vacanceshaute-gaspesie.com\/en\/#organization"},"potentialAction":[{"@type":"SearchAction","target":{"@type":"EntryPoint","urlTemplate":"https:\/\/vacanceshaute-gaspesie.com\/en\/?s={search_term_string}"},"query-input":{"@type":"PropertyValueSpecification","valueRequired":true,"valueName":"search_term_string"}}],"inLanguage":"en-US"},{"@type":"Organization","@id":"https:\/\/vacanceshaute-gaspesie.com\/en\/#organization","name":"Vacances Haute-Gasp\u00e9sie","url":"https:\/\/vacanceshaute-gaspesie.com\/en\/","logo":{"@type":"ImageObject","inLanguage":"en-US","@id":"https:\/\/vacanceshaute-gaspesie.com\/en\/#\/schema\/logo\/image\/","url":"https:\/\/vacanceshaute-gaspesie.s3.bhs.io.cloud.ovh.net\/2024\/03\/vhg-2.jpg","contentUrl":"https:\/\/vacanceshaute-gaspesie.s3.bhs.io.cloud.ovh.net\/2024\/03\/vhg-2.jpg","width":696,"height":696,"caption":"Vacances Haute-Gasp\u00e9sie"},"image":{"@id":"https:\/\/vacanceshaute-gaspesie.com\/en\/#\/schema\/logo\/image\/"},"sameAs":["https:\/\/www.facebook.com\/VacancesHauteGaspesie","https:\/\/www.instagram.com\/vacanceshautegaspesie\/"]}]}},"_links":{"self":[{"href":"https:\/\/vacanceshaute-gaspesie.com\/en\/wp-json\/wp\/v2\/pages\/4128","targetHints":{"allow":["GET"]}}],"collection":[{"href":"https:\/\/vacanceshaute-gaspesie.com\/en\/wp-json\/wp\/v2\/pages"}],"about":[{"href":"https:\/\/vacanceshaute-gaspesie.com\/en\/wp-json\/wp\/v2\/types\/page"}],"author":[{"embeddable":true,"href":"https:\/\/vacanceshaute-gaspesie.com\/en\/wp-json\/wp\/v2\/users\/1"}],"replies":[{"embeddable":true,"href":"https:\/\/vacanceshaute-gaspesie.com\/en\/wp-json\/wp\/v2\/comments?post=4128"}],"version-history":[{"count":2,"href":"https:\/\/vacanceshaute-gaspesie.com\/en\/wp-json\/wp\/v2\/pages\/4128\/revisions"}],"predecessor-version":[{"id":4136,"href":"https:\/\/vacanceshaute-gaspesie.com\/en\/wp-json\/wp\/v2\/pages\/4128\/revisions\/4136"}],"wp:attachment":[{"href":"https:\/\/vacanceshaute-gaspesie.com\/en\/wp-json\/wp\/v2\/media?parent=4128"}],"curies":[{"name":"wp","href":"https:\/\/api.w.org\/{rel}","templated":true}]}}